{"id":9,"date":"2024-11-25T22:55:31","date_gmt":"2024-11-25T22:55:31","guid":{"rendered":"http:\/\/superninetoys.com.br\/?page_id=9"},"modified":"2025-07-22T20:27:05","modified_gmt":"2025-07-22T20:27:05","slug":"reembolso_devolucoes","status":"publish","type":"page","link":"https:\/\/superninetoys.com.br\/en\/reembolso_devolucoes\/","title":{"rendered":"POL\u00cdTICA DE DEVOLU\u00c7\u00d5ES"},"content":{"rendered":"<div data-elementor-type=\"wp-page\" data-elementor-id=\"9\" class=\"elementor elementor-9\">\n\t\t\t\t<div class=\"elementor-element elementor-element-487e9631 e-flex e-con-boxed jltma-glass-effect-no e-con e-parent\" data-id=\"487e9631\" data-element_type=\"container\" data-e-type=\"container\">\n\t\t\t\t\t<div class=\"e-con-inner\">\n\t\t\t\t<div class=\"elementor-element elementor-element-0de46ad jltma-glass-effect-no elementor-widget elementor-widget-heading\" data-id=\"0de46ad\" data-element_type=\"widget\" data-e-type=\"widget\" data-widget_type=\"heading.default\">\n\t\t\t\t<div class=\"elementor-widget-container\">\n\t\t\t\t\t<h2 class=\"elementor-heading-title elementor-size-default\">POL\u00cdTICA DE ENVIOS E DEVOLU\u00c7\u00d5ES<\/h2>\t\t\t\t<\/div>\n\t\t\t\t<\/div>\n\t\t\t\t<div class=\"elementor-element elementor-element-7cb9f566 jltma-glass-effect-no elementor-widget elementor-widget-text-editor\" data-id=\"7cb9f566\" data-element_type=\"widget\" data-e-type=\"widget\" data-widget_type=\"text-editor.default\">\n\t\t\t\t<div class=\"elementor-widget-container\">\n\t\t\t\t\t\t\t\t\t<p><strong>SEUS PRODUTOS ENVIADOS COM TODO CUIDADO<\/strong><\/p><p><strong>Embalagem refor\u00e7ada<\/strong><br \/>Todos os itens adquiridos na nossa loja s\u00e3o enviados com prote\u00e7\u00e3o e embalagem adequadas ao tipo de produto. A etiqueta de envio \u00e9 gerada automaticamente ap\u00f3s o pagamento, garantindo a seguran\u00e7a das suas informa\u00e7\u00f5es e a integridade da sua compra.<\/p><p><strong>Seguro contra Roubo e Perda<\/strong><br \/>Para evitar qualquer problema durante o envio do seu pedido, todas as compras realizadas em nossa loja, independentemente do valor, s\u00e3o enviadas com seguro total contra perda, roubo e extravio. Caso sua encomenda se perca ou seja roubada, voc\u00ea estar\u00e1 coberto, podendo receber seu dinheiro de volta ou solicitar o reenvio do produto (mediante disponibilidade de estoque), sem custos adicionais.<\/p><p><strong>Rastreamento<\/strong><br \/>Ap\u00f3s o envio do seu pedido, voc\u00ea receber\u00e1 um C\u00f3digo de Rastreamento para acompanhar todas as etapas da entrega. Isso garante que voc\u00ea esteja sempre informado sobre os prazos e o status da entrega, conforme as informa\u00e7\u00f5es fornecidas pela transportadora escolhida.<\/p><p><strong>Prazo de Envio<\/strong><br \/>Todos os pedidos pagos s\u00e3o processados e enviados em at\u00e9 2 dias \u00fateis, exceto pedidos na categoria PR\u00c9-VENDA. Produtos em pr\u00e9-venda s\u00e3o enviados assim que h\u00e1 disponibilidade de estoque. Lembre-se de que a coleta do seu pedido pela transportadora ocorre apenas em dias \u00fateis, no per\u00edodo da tarde. Portanto, seu pedido ser\u00e1 agendado para envio com base na data mais pr\u00f3xima da confirma\u00e7\u00e3o do pagamento. Em feriados, o envio ser\u00e1 ajustado para o dia posterior \u00e0 data prevista.<\/p><p><br \/><strong>NOSSA POL\u00cdTICA DE DEVOLU\u00c7\u00d5ES:<\/strong><\/p><p>Na Super Nine Toys, a satisfa\u00e7\u00e3o do cliente \u00e9 nossa prioridade. Para garantir a qualidade dos nossos produtos e servi\u00e7os, temos a seguinte pol\u00edtica de devolu\u00e7\u00f5es:<\/p><p>\u2022 <strong>Condi\u00e7\u00f5es para devolu\u00e7\u00e3o<\/strong><br \/>S\u00f3 aceitamos devolu\u00e7\u00f5es de Action Figures que n\u00e3o tenham sido retiradas da embalagem, ou que apresentem algum defeito grave de fabrica\u00e7\u00e3o. Pequenos detalhes na pintura n\u00e3o s\u00e3o considerados defeito e se enquadram na categoria &#8220;devolu\u00e7\u00e3o por arrependimento&#8221;. Para devolu\u00e7\u00e3o o produto deve estar LACRADO.<\/p><p>\u2022 <strong>Prazo para devolu\u00e7\u00e3o<\/strong><br \/>O prazo para solicitar a devolu\u00e7\u00e3o por arrependimento \u00e9 de <strong>7 dias corridos<\/strong> ap\u00f3s o recebimento do produto e<strong> 30\u00a0dias corridos <\/strong>para produtos com defeito de fabrica\u00e7\u00e3o. Solicita\u00e7\u00f5es fora desse prazo n\u00e3o ser\u00e3o aceitas.<\/p><p>\u2022 <strong>Como solicitar a devolu\u00e7\u00e3o<\/strong><br \/>Se o produto atender \u00e0s condi\u00e7\u00f5es acima e voc\u00ea estiver dentro do prazo de devolu\u00e7\u00e3o, entre em contato conosco atrav\u00e9s do atendimento ao cliente para orienta\u00e7\u00f5es sobre o processo.<\/p><p>\u2022 <strong>Processamento de devolu\u00e7\u00e3o<\/strong><br \/>Ap\u00f3s a an\u00e1lise e confirma\u00e7\u00e3o das condi\u00e7\u00f5es do produto, a devolu\u00e7\u00e3o ser\u00e1 processada e, se aplic\u00e1vel, o reembolso ser\u00e1 realizado conforme o m\u00e9todo de pagamento original.<\/p><p><!-- \/wp:paragraph --><\/p>\t\t\t\t\t\t\t\t<\/div>\n\t\t\t\t<\/div>\n\t\t\t\t\t<\/div>\n\t\t\t\t<\/div>\n\t\t<div class=\"elementor-element elementor-element-896d40b e-flex e-con-boxed jltma-glass-effect-no e-con e-parent\" data-id=\"896d40b\" data-element_type=\"container\" data-e-type=\"container\">\n\t\t\t\t\t<div class=\"e-con-inner\">\n\t\t\t\t<div class=\"elementor-element elementor-element-8317e3a elementor-widget__width-initial elementor-widget-tablet__width-auto elementor-fixed jltma-glass-effect-no elementor-widget elementor-widget-button\" data-id=\"8317e3a\" data-element_type=\"widget\" data-e-type=\"widget\" data-settings=\"{&quot;_position&quot;:&quot;fixed&quot;}\" data-widget_type=\"button.default\">\n\t\t\t\t<div class=\"elementor-widget-container\">\n\t\t\t\t\t\t\t\t\t<div class=\"elementor-button-wrapper\">\n\t\t\t\t\t<a class=\"elementor-button elementor-button-link elementor-size-sm\" href=\"https:\/\/wa.me\/5511980794418\" target=\"_blank\" rel=\"noopener\">\n\t\t\t\t\t\t<span class=\"elementor-button-content-wrapper\">\n\t\t\t\t\t\t<span class=\"elementor-button-icon\">\n\t\t\t\t<i aria-hidden=\"true\" class=\"icon icon-whatsapp-1\"><\/i>\t\t\t<\/span>\n\t\t\t\t\t\t\t\t<\/span>\n\t\t\t\t\t<\/a>\n\t\t\t\t<\/div>\n\t\t\t\t\t\t\t\t<\/div>\n\t\t\t\t<\/div>\n\t\t\t\t\t<\/div>\n\t\t\t\t<\/div>\n\t\t<div class=\"elementor-element elementor-element-1981412 e-flex e-con-boxed jltma-glass-effect-no e-con e-parent\" data-id=\"1981412\" data-element_type=\"container\" data-e-type=\"container\">\n\t\t\t\t\t<div class=\"e-con-inner\">\n\t\t\t\t<div class=\"elementor-element elementor-element-d29baf3 jltma-glass-effect-no elementor-widget elementor-widget-elementskit-back-to-top\" data-id=\"d29baf3\" data-element_type=\"widget\" data-e-type=\"widget\" data-widget_type=\"elementskit-back-to-top.default\">\n\t\t\t\t<div class=\"elementor-widget-container\">\n\t\t\t\t\t<div class=\"ekit-wid-con\" >\t\t\t<div class=\"ekit-back-to-top-container ekit-btt icon_only\" data-settings=\"{&quot;offset_top&quot;:0,&quot;show_after&quot;:null,&quot;show_scroll&quot;:&quot;&quot;,&quot;style&quot;:&quot;icon_only&quot;,&quot;foreground&quot;:null,&quot;background&quot;:null}\"> \n\t\t\t\t<span class=\"ekit-btt__button\">\n\t\t\t\t\t<svg aria-hidden=\"true\" class=\"e-font-icon-svg e-fas-arrow-up\" viewbox=\"0 0 448 512\" xmlns=\"http:\/\/www.w3.org\/2000\/svg\"><path d=\"M34.9 289.5l-22.2-22.2c-9.4-9.4-9.4-24.6 0-33.9L207 39c9.4-9.4 24.6-9.4 33.9 0l194.3 194.3c9.4 9.4 9.4 24.6 0 33.9L413 289.4c-9.5 9.5-25 9.3-34.3-.4L264 168.6V456c0 13.3-10.7 24-24 24h-32c-13.3 0-24-10.7-24-24V168.6L69.2 289.1c-9.3 9.8-24.8 10-34.3.4z\"><\/path><\/svg>\t\t\t\t<\/span>\n\t\t\t<\/div>\n\t\t<\/div>\t\t\t\t<\/div>\n\t\t\t\t<\/div>\n\t\t\t\t\t<\/div>\n\t\t\t\t<\/div>\n\t\t\t\t<\/div>","protected":false},"excerpt":{"rendered":"<p>POL\u00cdTICA DE ENVIOS E DEVOLU\u00c7\u00d5ES SEUS PRODUTOS ENVIADOS COM TODO CUIDADO Embalagem refor\u00e7adaTodos os itens adquiridos na nossa loja s\u00e3o enviados com prote\u00e7\u00e3o e embalagem adequadas ao tipo de produto. A etiqueta de envio \u00e9 gerada automaticamente ap\u00f3s o pagamento, garantindo a seguran\u00e7a das suas informa\u00e7\u00f5es e a integridade da sua compra. Seguro contra Roubo [&hellip;]<\/p>\n","protected":false},"author":1,"featured_media":0,"parent":0,"menu_order":0,"comment_status":"closed","ping_status":"closed","template":"","meta":{"footnotes":""},"class_list":["post-9","page","type-page","status-publish","hentry"],"_links":{"self":[{"href":"https:\/\/superninetoys.com.br\/en\/wp-json\/wp\/v2\/pages\/9","targetHints":{"allow":["GET"]}}],"collection":[{"href":"https:\/\/superninetoys.com.br\/en\/wp-json\/wp\/v2\/pages"}],"about":[{"href":"https:\/\/superninetoys.com.br\/en\/wp-json\/wp\/v2\/types\/page"}],"author":[{"embeddable":true,"href":"https:\/\/superninetoys.com.br\/en\/wp-json\/wp\/v2\/users\/1"}],"replies":[{"embeddable":true,"href":"https:\/\/superninetoys.com.br\/en\/wp-json\/wp\/v2\/comments?post=9"}],"version-history":[{"count":46,"href":"https:\/\/superninetoys.com.br\/en\/wp-json\/wp\/v2\/pages\/9\/revisions"}],"predecessor-version":[{"id":6413,"href":"https:\/\/superninetoys.com.br\/en\/wp-json\/wp\/v2\/pages\/9\/revisions\/6413"}],"wp:attachment":[{"href":"https:\/\/superninetoys.com.br\/en\/wp-json\/wp\/v2\/media?parent=9"}],"curies":[{"name":"wp","href":"https:\/\/api.w.org\/{rel}","templated":true}]}}