{"id":7581,"date":"2025-10-04T04:23:26","date_gmt":"2025-10-04T04:23:26","guid":{"rendered":"https:\/\/superninetoys.com.br\/?post_type=product&#038;p=7581"},"modified":"2026-01-27T22:54:31","modified_gmt":"2026-01-27T22:54:31","slug":"g-i-joe-classified-series-rock-n-roll-retro-cardback","status":"publish","type":"product","link":"https:\/\/superninetoys.com.br\/en\/product\/g-i-joe-classified-series-rock-n-roll-retro-cardback\/","title":{"rendered":"G.I. Joe Classified Series \u2013 Retro Cardback Rock &#8216;n Roll"},"content":{"rendered":"","protected":false},"excerpt":{"rendered":"<p style=\"text-align: center;\"><strong>\u26a0\ufe0f\u26a0\ufe0f ATEN\u00c7\u00c3O: PRODUTO EM PR\u00c9-VENDA COM PRAZO PARA ENVIO EM 15 DIAS \u26a0\ufe0f\u26a0\ufe0f<\/strong><\/p>","protected":false},"featured_media":7575,"comment_status":"open","ping_status":"closed","template":"","meta":[],"product_brand":[],"product_cat":[16,58,79,21,59,17],"product_tag":[],"class_list":{"0":"post-7581","1":"product","2":"type-product","3":"status-publish","4":"has-post-thumbnail","6":"product_cat-cat-gijoe","7":"product_cat-cat-em-estoque","8":"product_cat-cat-limpa-estoque","9":"product_cat-cat-lancamentos","10":"product_cat-cat-promocao","11":"product_cat-produtos","12":"product_shipping_class-classe-pronta-entrega","14":"first","15":"instock","16":"shipping-taxable","17":"purchasable","18":"product-type-simple"},"_links":{"self":[{"href":"https:\/\/superninetoys.com.br\/en\/wp-json\/wp\/v2\/product\/7581","targetHints":{"allow":["GET"]}}],"collection":[{"href":"https:\/\/superninetoys.com.br\/en\/wp-json\/wp\/v2\/product"}],"about":[{"href":"https:\/\/superninetoys.com.br\/en\/wp-json\/wp\/v2\/types\/product"}],"replies":[{"embeddable":true,"href":"https:\/\/superninetoys.com.br\/en\/wp-json\/wp\/v2\/comments?post=7581"}],"wp:featuredmedia":[{"embeddable":true,"href":"https:\/\/superninetoys.com.br\/en\/wp-json\/wp\/v2\/media\/7575"}],"wp:attachment":[{"href":"https:\/\/superninetoys.com.br\/en\/wp-json\/wp\/v2\/media?parent=7581"}],"wp:term":[{"taxonomy":"product_brand","embeddable":true,"href":"https:\/\/superninetoys.com.br\/en\/wp-json\/wp\/v2\/product_brand?post=7581"},{"taxonomy":"product_cat","embeddable":true,"href":"https:\/\/superninetoys.com.br\/en\/wp-json\/wp\/v2\/product_cat?post=7581"},{"taxonomy":"product_tag","embeddable":true,"href":"https:\/\/superninetoys.com.br\/en\/wp-json\/wp\/v2\/product_tag?post=7581"}],"curies":[{"name":"wp","href":"https:\/\/api.w.org\/{rel}","templated":true}]}}