{"id":7741,"date":"2025-10-03T21:26:31","date_gmt":"2025-10-03T21:26:31","guid":{"rendered":"https:\/\/superninetoys.com.br\/?post_type=product&#038;p=7741"},"modified":"2025-10-03T21:28:07","modified_gmt":"2025-10-03T21:28:07","slug":"lote-marvel-legends-031025","status":"publish","type":"product","link":"https:\/\/superninetoys.com.br\/en\/product\/lote-marvel-legends-031025\/","title":{"rendered":"Lote Marvel Legends 031025"},"content":{"rendered":"<p>1 &#8211; Marvel Legends Wolverine 97 R$235<\/p>\n<p>2 &#8211; Marvel Legends Mancha Solar 97 R$235<\/p>\n<p>3 &#8211; Marvel Legends Cable 97 R$235<\/p>\n<p>4 &#8211; Marvel Legends Jubilee 97 R$235<\/p>\n<p>5 &#8211; Marvel Legends Quarteto Fantastico Coisa R$250<\/p>\n<p>6 &#8211; Marvel Legends Quarteto Fantastico Sue R$250<\/p>\n<p>7 &#8211; Marvel Legends Quarteto Fantastico Dr Fantastico R$250<\/p>\n<p>8 &#8211; Marvel Legends Quarteto Fantastico Surfista R$250<\/p>\n<p>9 &#8211; Quarteto Fantastico Jhonny Storm R$250<\/p>","protected":false},"excerpt":{"rendered":"<p style=\"text-align: center;\">\u3164Pedidos realizados ap\u00f3s as 12h ter\u00e3o o prazo de envio acrescido em 1 dia \u00fatil.<\/p>","protected":false},"featured_media":4097,"comment_status":"open","ping_status":"closed","template":"","meta":[],"product_brand":[],"product_cat":[71],"product_tag":[39],"class_list":{"0":"post-7741","1":"product","2":"type-product","3":"status-publish","4":"has-post-thumbnail","6":"product_cat-cat-legends-dir","7":"product_tag-em-estoque","8":"product_shipping_class-classe-pronta-entrega","10":"first","11":"instock","12":"shipping-taxable","13":"purchasable","14":"product-type-simple"},"_links":{"self":[{"href":"https:\/\/superninetoys.com.br\/en\/wp-json\/wp\/v2\/product\/7741","targetHints":{"allow":["GET"]}}],"collection":[{"href":"https:\/\/superninetoys.com.br\/en\/wp-json\/wp\/v2\/product"}],"about":[{"href":"https:\/\/superninetoys.com.br\/en\/wp-json\/wp\/v2\/types\/product"}],"replies":[{"embeddable":true,"href":"https:\/\/superninetoys.com.br\/en\/wp-json\/wp\/v2\/comments?post=7741"}],"wp:featuredmedia":[{"embeddable":true,"href":"https:\/\/superninetoys.com.br\/en\/wp-json\/wp\/v2\/media\/4097"}],"wp:attachment":[{"href":"https:\/\/superninetoys.com.br\/en\/wp-json\/wp\/v2\/media?parent=7741"}],"wp:term":[{"taxonomy":"product_brand","embeddable":true,"href":"https:\/\/superninetoys.com.br\/en\/wp-json\/wp\/v2\/product_brand?post=7741"},{"taxonomy":"product_cat","embeddable":true,"href":"https:\/\/superninetoys.com.br\/en\/wp-json\/wp\/v2\/product_cat?post=7741"},{"taxonomy":"product_tag","embeddable":true,"href":"https:\/\/superninetoys.com.br\/en\/wp-json\/wp\/v2\/product_tag?post=7741"}],"curies":[{"name":"wp","href":"https:\/\/api.w.org\/{rel}","templated":true}]}}