{"id":7775,"date":"2025-10-04T18:07:51","date_gmt":"2025-10-04T18:07:51","guid":{"rendered":"https:\/\/superninetoys.com.br\/?post_type=product&#038;p=7775"},"modified":"2026-01-27T22:09:03","modified_gmt":"2026-01-27T22:09:03","slug":"g-i-joe-classified-series-79-tele-viper-cobra-flight-pod-trubble-bubble","status":"publish","type":"product","link":"https:\/\/superninetoys.com.br\/en\/product\/g-i-joe-classified-series-79-tele-viper-cobra-flight-pod-trubble-bubble\/","title":{"rendered":"G.I. Joe Classified Series #79 \u2013 Tele-Viper &#038; Cobra Flight Pod Trubble Bubble"},"content":{"rendered":"","protected":false},"excerpt":{"rendered":"<p style=\"text-align: center;\">\u3164Pedidos realizados ap\u00f3s as 12h ter\u00e3o o prazo de envio acrescido em 1 dia \u00fatil.<\/p>","protected":false},"featured_media":7776,"comment_status":"open","ping_status":"closed","template":"","meta":[],"product_brand":[],"product_cat":[16,58,45,79,21,59,17],"product_tag":[39],"class_list":{"0":"post-7775","1":"product","2":"type-product","3":"status-publish","4":"has-post-thumbnail","6":"product_cat-cat-gijoe","7":"product_cat-cat-em-estoque","8":"product_cat-cat-hasbro","9":"product_cat-cat-limpa-estoque","10":"product_cat-cat-lancamentos","11":"product_cat-cat-promocao","12":"product_cat-produtos","13":"product_tag-em-estoque","14":"product_shipping_class-classe-pronta-entrega","16":"first","17":"instock","18":"shipping-taxable","19":"purchasable","20":"product-type-simple"},"_links":{"self":[{"href":"https:\/\/superninetoys.com.br\/en\/wp-json\/wp\/v2\/product\/7775","targetHints":{"allow":["GET"]}}],"collection":[{"href":"https:\/\/superninetoys.com.br\/en\/wp-json\/wp\/v2\/product"}],"about":[{"href":"https:\/\/superninetoys.com.br\/en\/wp-json\/wp\/v2\/types\/product"}],"replies":[{"embeddable":true,"href":"https:\/\/superninetoys.com.br\/en\/wp-json\/wp\/v2\/comments?post=7775"}],"wp:featuredmedia":[{"embeddable":true,"href":"https:\/\/superninetoys.com.br\/en\/wp-json\/wp\/v2\/media\/7776"}],"wp:attachment":[{"href":"https:\/\/superninetoys.com.br\/en\/wp-json\/wp\/v2\/media?parent=7775"}],"wp:term":[{"taxonomy":"product_brand","embeddable":true,"href":"https:\/\/superninetoys.com.br\/en\/wp-json\/wp\/v2\/product_brand?post=7775"},{"taxonomy":"product_cat","embeddable":true,"href":"https:\/\/superninetoys.com.br\/en\/wp-json\/wp\/v2\/product_cat?post=7775"},{"taxonomy":"product_tag","embeddable":true,"href":"https:\/\/superninetoys.com.br\/en\/wp-json\/wp\/v2\/product_tag?post=7775"}],"curies":[{"name":"wp","href":"https:\/\/api.w.org\/{rel}","templated":true}]}}