{"id":7811,"date":"2025-10-07T00:31:39","date_gmt":"2025-10-07T00:31:39","guid":{"rendered":"https:\/\/superninetoys.com.br\/?post_type=product&#038;p=7811"},"modified":"2025-10-07T00:35:53","modified_gmt":"2025-10-07T00:35:53","slug":"marvel-legends-dragon-man-motu-whiplash-bow-e-shadow-weaver-jada-toys-scooby-doo-creeper-mummy-e-shaggy","status":"publish","type":"product","link":"https:\/\/superninetoys.com.br\/en\/product\/marvel-legends-dragon-man-motu-whiplash-bow-e-shadow-weaver-jada-toys-scooby-doo-creeper-mummy-e-shaggy\/","title":{"rendered":"Marvel Legends Dragon Man \/ MOTU Whiplash, Bow e Shadow Weaver \/ Jada Toys Scooby Doo Creeper, Mummy e Shaggy"},"content":{"rendered":"<p>1 &#8211; Mattel MOTU whiplash R$195<br \/>\n2 &#8211; Mattel MOTU bow R$195<br \/>\n3 &#8211; Mattel MOTU shadow weaver R$195<br \/>\n4 &#8211; Jada Toys Creeper R$270,00<br \/>\n5 &#8211; Jada Toys Mummy R$270,00<br \/>\n6 &#8211; Jada Toys Salsicha R$270,00<br \/>\n7 &#8211; Dragon man R$985,00<\/p>","protected":false},"excerpt":{"rendered":"<p style=\"text-align: center;\">\u3164Pedidos realizados ap\u00f3s as 12h ter\u00e3o o prazo de envio acrescido em 1 dia \u00fatil.<\/p>","protected":false},"featured_media":7812,"comment_status":"open","ping_status":"closed","template":"","meta":[],"product_brand":[],"product_cat":[71,72],"product_tag":[39],"class_list":{"0":"post-7811","1":"product","2":"type-product","3":"status-publish","4":"has-post-thumbnail","6":"product_cat-cat-legends-dir","7":"product_cat-cat-street-jada-dir","8":"product_tag-em-estoque","9":"product_shipping_class-classe-pronta-entrega","11":"first","12":"instock","13":"shipping-taxable","14":"purchasable","15":"product-type-simple"},"_links":{"self":[{"href":"https:\/\/superninetoys.com.br\/en\/wp-json\/wp\/v2\/product\/7811","targetHints":{"allow":["GET"]}}],"collection":[{"href":"https:\/\/superninetoys.com.br\/en\/wp-json\/wp\/v2\/product"}],"about":[{"href":"https:\/\/superninetoys.com.br\/en\/wp-json\/wp\/v2\/types\/product"}],"replies":[{"embeddable":true,"href":"https:\/\/superninetoys.com.br\/en\/wp-json\/wp\/v2\/comments?post=7811"}],"wp:featuredmedia":[{"embeddable":true,"href":"https:\/\/superninetoys.com.br\/en\/wp-json\/wp\/v2\/media\/7812"}],"wp:attachment":[{"href":"https:\/\/superninetoys.com.br\/en\/wp-json\/wp\/v2\/media?parent=7811"}],"wp:term":[{"taxonomy":"product_brand","embeddable":true,"href":"https:\/\/superninetoys.com.br\/en\/wp-json\/wp\/v2\/product_brand?post=7811"},{"taxonomy":"product_cat","embeddable":true,"href":"https:\/\/superninetoys.com.br\/en\/wp-json\/wp\/v2\/product_cat?post=7811"},{"taxonomy":"product_tag","embeddable":true,"href":"https:\/\/superninetoys.com.br\/en\/wp-json\/wp\/v2\/product_tag?post=7811"}],"curies":[{"name":"wp","href":"https:\/\/api.w.org\/{rel}","templated":true}]}}