{"id":8346,"date":"2025-10-31T21:30:51","date_gmt":"2025-10-31T21:30:51","guid":{"rendered":"https:\/\/superninetoys.com.br\/product\/1-24-cadillac-ecto-1-caca-fantasmas-edicao-transformers\/"},"modified":"2025-10-31T21:30:51","modified_gmt":"2025-10-31T21:30:51","slug":"1-24-cadillac-ecto-1-caca-fantasmas-edicao-transformers","status":"publish","type":"product","link":"https:\/\/superninetoys.com.br\/en\/product\/1-24-cadillac-ecto-1-caca-fantasmas-edicao-transformers\/","title":{"rendered":"1\/24 CADILLAC ECTO-1 CA\u00c7A FANTASMAS EDI\u00c7\u00c3O TRANSFORMERS"},"content":{"rendered":"","protected":false},"excerpt":{"rendered":"<p style=\"text-align: center;\">\u3164!! Aten\u00e7\u00e3o: Esse produto tem um prazo adicional de 7 dias para o envio!! .<\/p>","protected":false},"featured_media":8251,"comment_status":"open","ping_status":"closed","template":"","meta":[],"product_brand":[],"product_cat":[80],"product_tag":[],"class_list":{"0":"post-8346","1":"product","2":"type-product","3":"status-publish","4":"has-post-thumbnail","6":"product_cat-cat-carrinhos","8":"first","9":"instock","10":"shipping-taxable","11":"purchasable","12":"product-type-simple"},"_links":{"self":[{"href":"https:\/\/superninetoys.com.br\/en\/wp-json\/wp\/v2\/product\/8346","targetHints":{"allow":["GET"]}}],"collection":[{"href":"https:\/\/superninetoys.com.br\/en\/wp-json\/wp\/v2\/product"}],"about":[{"href":"https:\/\/superninetoys.com.br\/en\/wp-json\/wp\/v2\/types\/product"}],"replies":[{"embeddable":true,"href":"https:\/\/superninetoys.com.br\/en\/wp-json\/wp\/v2\/comments?post=8346"}],"wp:featuredmedia":[{"embeddable":true,"href":"https:\/\/superninetoys.com.br\/en\/wp-json\/wp\/v2\/media\/8251"}],"wp:attachment":[{"href":"https:\/\/superninetoys.com.br\/en\/wp-json\/wp\/v2\/media?parent=8346"}],"wp:term":[{"taxonomy":"product_brand","embeddable":true,"href":"https:\/\/superninetoys.com.br\/en\/wp-json\/wp\/v2\/product_brand?post=8346"},{"taxonomy":"product_cat","embeddable":true,"href":"https:\/\/superninetoys.com.br\/en\/wp-json\/wp\/v2\/product_cat?post=8346"},{"taxonomy":"product_tag","embeddable":true,"href":"https:\/\/superninetoys.com.br\/en\/wp-json\/wp\/v2\/product_tag?post=8346"}],"curies":[{"name":"wp","href":"https:\/\/api.w.org\/{rel}","templated":true}]}}