{"id":8509,"date":"2025-11-19T23:47:05","date_gmt":"2025-11-19T23:47:05","guid":{"rendered":"https:\/\/superninetoys.com.br\/?post_type=product&#038;p=8509"},"modified":"2026-01-27T23:03:29","modified_gmt":"2026-01-27T23:03:29","slug":"g-i-joe-classified-series-major-bludd","status":"publish","type":"product","link":"https:\/\/superninetoys.com.br\/en\/product\/g-i-joe-classified-series-major-bludd\/","title":{"rendered":"G.I. Joe Classified Series #166 Major Bludd"},"content":{"rendered":"<p>Original Hasbro Lacrado<\/p>","protected":false},"excerpt":{"rendered":"<p style=\"text-align: center;\"><strong>\u26a0\ufe0f\u26a0\ufe0f ATEN\u00c7\u00c3O: PRODUTO EM PR\u00c9-VENDA COM PRAZO PARA ENVIO EM 35 DIAS \u26a0\ufe0f\u26a0\ufe0f<\/strong><\/p>","protected":false},"featured_media":8510,"comment_status":"closed","ping_status":"closed","template":"","meta":[],"product_brand":[],"product_cat":[16,45,21,59,17],"product_tag":[39],"class_list":{"0":"post-8509","1":"product","2":"type-product","3":"status-publish","4":"has-post-thumbnail","6":"product_cat-cat-gijoe","7":"product_cat-cat-hasbro","8":"product_cat-cat-lancamentos","9":"product_cat-cat-promocao","10":"product_cat-produtos","11":"product_tag-em-estoque","12":"product_shipping_class-classe-pronta-entrega","14":"first","15":"instock","16":"shipping-taxable","17":"purchasable","18":"product-type-simple"},"_links":{"self":[{"href":"https:\/\/superninetoys.com.br\/en\/wp-json\/wp\/v2\/product\/8509","targetHints":{"allow":["GET"]}}],"collection":[{"href":"https:\/\/superninetoys.com.br\/en\/wp-json\/wp\/v2\/product"}],"about":[{"href":"https:\/\/superninetoys.com.br\/en\/wp-json\/wp\/v2\/types\/product"}],"replies":[{"embeddable":true,"href":"https:\/\/superninetoys.com.br\/en\/wp-json\/wp\/v2\/comments?post=8509"}],"wp:featuredmedia":[{"embeddable":true,"href":"https:\/\/superninetoys.com.br\/en\/wp-json\/wp\/v2\/media\/8510"}],"wp:attachment":[{"href":"https:\/\/superninetoys.com.br\/en\/wp-json\/wp\/v2\/media?parent=8509"}],"wp:term":[{"taxonomy":"product_brand","embeddable":true,"href":"https:\/\/superninetoys.com.br\/en\/wp-json\/wp\/v2\/product_brand?post=8509"},{"taxonomy":"product_cat","embeddable":true,"href":"https:\/\/superninetoys.com.br\/en\/wp-json\/wp\/v2\/product_cat?post=8509"},{"taxonomy":"product_tag","embeddable":true,"href":"https:\/\/superninetoys.com.br\/en\/wp-json\/wp\/v2\/product_tag?post=8509"}],"curies":[{"name":"wp","href":"https:\/\/api.w.org\/{rel}","templated":true}]}}