{"id":8935,"date":"2025-12-30T03:55:32","date_gmt":"2025-12-30T03:55:32","guid":{"rendered":"https:\/\/superninetoys.com.br\/?post_type=product&#038;p=8935"},"modified":"2025-12-30T03:59:01","modified_gmt":"2025-12-30T03:59:01","slug":"pre-venda-pack-com-3-veiculos-esquadrao-marte-biker-mice-from-mars-nacelle","status":"publish","type":"product","link":"https:\/\/superninetoys.com.br\/en\/product\/pre-venda-pack-com-3-veiculos-esquadrao-marte-biker-mice-from-mars-nacelle\/","title":{"rendered":"(PR\u00c9-VENDA) Pack com 3 ve\u00edculos Esquadr\u00e3o Marte \/ Biker Mice From Mars \/ NACELLE"},"content":{"rendered":"<p>Radical Rocket Sled do Vinnie<br \/>\nMartian Monster Bike do Throttle<\/p>\n<p>Chopper do Mondo<\/p>","protected":false},"excerpt":{"rendered":"<p>Radical Rocket Sled do Vinnie Martian Monster Bike do Throttle Chopper do Mondo<\/p>","protected":false},"featured_media":4840,"comment_status":"open","ping_status":"closed","template":"","meta":[],"product_brand":[],"product_cat":[22,17],"product_tag":[38],"class_list":{"0":"post-8935","1":"product","2":"type-product","3":"status-publish","4":"has-post-thumbnail","6":"product_cat-cat-prevendas","7":"product_cat-produtos","8":"product_tag-encomenda","10":"first","11":"instock","12":"shipping-taxable","13":"purchasable","14":"product-type-simple"},"_links":{"self":[{"href":"https:\/\/superninetoys.com.br\/en\/wp-json\/wp\/v2\/product\/8935","targetHints":{"allow":["GET"]}}],"collection":[{"href":"https:\/\/superninetoys.com.br\/en\/wp-json\/wp\/v2\/product"}],"about":[{"href":"https:\/\/superninetoys.com.br\/en\/wp-json\/wp\/v2\/types\/product"}],"replies":[{"embeddable":true,"href":"https:\/\/superninetoys.com.br\/en\/wp-json\/wp\/v2\/comments?post=8935"}],"wp:featuredmedia":[{"embeddable":true,"href":"https:\/\/superninetoys.com.br\/en\/wp-json\/wp\/v2\/media\/4840"}],"wp:attachment":[{"href":"https:\/\/superninetoys.com.br\/en\/wp-json\/wp\/v2\/media?parent=8935"}],"wp:term":[{"taxonomy":"product_brand","embeddable":true,"href":"https:\/\/superninetoys.com.br\/en\/wp-json\/wp\/v2\/product_brand?post=8935"},{"taxonomy":"product_cat","embeddable":true,"href":"https:\/\/superninetoys.com.br\/en\/wp-json\/wp\/v2\/product_cat?post=8935"},{"taxonomy":"product_tag","embeddable":true,"href":"https:\/\/superninetoys.com.br\/en\/wp-json\/wp\/v2\/product_tag?post=8935"}],"curies":[{"name":"wp","href":"https:\/\/api.w.org\/{rel}","templated":true}]}}