{"id":9218,"date":"2026-01-14T20:05:49","date_gmt":"2026-01-14T20:05:49","guid":{"rendered":"https:\/\/superninetoys.com.br\/?post_type=product&#038;p=9218"},"modified":"2026-05-16T16:30:05","modified_gmt":"2026-05-16T16:30:05","slug":"cms-blkss-aquario","status":"publish","type":"product","link":"https:\/\/superninetoys.com.br\/en\/product\/cms-blkss-aquario\/","title":{"rendered":"Saint Seiya Champion Class 08 Aquarius Camus Model Kit BLOKEES"},"content":{"rendered":"<p data-start=\"158\" data-end=\"459\"><strong data-start=\"158\" data-end=\"241\">Das profundezas do D\u00e9cimo Primeiro Templo, Aquarius Camus retorna mais uma vez.<\/strong><br data-start=\"241\" data-end=\"244\" \/>Este modelo <strong data-start=\"256\" data-end=\"274\">Champion Class<\/strong>, composto por <strong data-start=\"289\" data-end=\"302\">101 pe\u00e7as<\/strong>, mede aproximadamente <strong data-start=\"325\" data-end=\"346\">13,5 cm de altura<\/strong> e conta com <strong data-start=\"359\" data-end=\"387\">36 pontos de articula\u00e7\u00e3o<\/strong>, capturando com perfei\u00e7\u00e3o a precis\u00e3o e a eleg\u00e2ncia de Camus de Aqu\u00e1rio.<\/p>\n<p data-start=\"461\" data-end=\"731\">Cada pe\u00e7a vem <strong data-start=\"475\" data-end=\"521\">pr\u00e9-pintada com alto n\u00edvel de detalhamento<\/strong>, reproduzindo fielmente sua ic\u00f4nica <strong data-start=\"558\" data-end=\"578\">Armadura de Ouro<\/strong>. O modelo inclui <strong data-start=\"596\" data-end=\"641\">rostos intercambi\u00e1veis, elmo, m\u00e3os extras<\/strong> e uma <strong data-start=\"648\" data-end=\"677\">base de exibi\u00e7\u00e3o dedicada<\/strong>, garantindo poses din\u00e2micas e apresenta\u00e7\u00e3o impec\u00e1vel.<\/p>\n<p data-start=\"733\" data-end=\"928\">Com <strong data-start=\"737\" data-end=\"797\">montagem sem necessidade de ferramentas, cola ou pintura<\/strong>, esta \u00e9 uma pe\u00e7a <strong data-start=\"815\" data-end=\"842\">oficialmente licenciada<\/strong>, desenvolvida para atender aos mais altos padr\u00f5es de colecionadores de <em data-start=\"914\" data-end=\"927\">Saint Seiya<\/em>.<\/p>\n<hr data-start=\"930\" data-end=\"933\" \/>\n<h3 data-start=\"935\" data-end=\"968\">\ud83d\udd39 Caracter\u00edsticas do Produto<\/h3>\n<ul data-start=\"969\" data-end=\"1248\">\n<li data-start=\"969\" data-end=\"1016\">\n<p data-start=\"971\" data-end=\"1016\">Aproximadamente <strong data-start=\"987\" data-end=\"1016\">13,5 cm de altura (5,31&#8243;)<\/strong><\/p>\n<\/li>\n<li data-start=\"1017\" data-end=\"1039\">\n<p data-start=\"1019\" data-end=\"1039\">Fabricado em <strong data-start=\"1032\" data-end=\"1039\">ABS<\/strong><\/p>\n<\/li>\n<li data-start=\"1040\" data-end=\"1101\">\n<p data-start=\"1042\" data-end=\"1101\">Baseado no anime <strong data-start=\"1059\" data-end=\"1101\">Os Cavaleiros do Zod\u00edaco (Saint Seiya)<\/strong><\/p>\n<\/li>\n<li data-start=\"1102\" data-end=\"1150\">\n<p data-start=\"1104\" data-end=\"1150\"><strong data-start=\"1104\" data-end=\"1132\">36 pontos de articula\u00e7\u00e3o<\/strong> de alta qualidade<\/p>\n<\/li>\n<li data-start=\"1151\" data-end=\"1191\">\n<p data-start=\"1153\" data-end=\"1191\">Pe\u00e7as e acess\u00f3rios <strong data-start=\"1172\" data-end=\"1191\">intercambi\u00e1veis<\/strong><\/p>\n<\/li>\n<li data-start=\"1192\" data-end=\"1248\">\n<p data-start=\"1194\" data-end=\"1248\"><strong data-start=\"1194\" data-end=\"1234\">N\u00e3o requer cola, pintura ou alicates<\/strong> para montagem<\/p>\n<\/li>\n<\/ul>\n<hr data-start=\"1250\" data-end=\"1253\" \/>\n<h3 data-start=\"1255\" data-end=\"1279\">\ud83d\udce6 Conte\u00fado da Caixa<\/h3>\n<ul data-start=\"1280\" data-end=\"1414\">\n<li data-start=\"1280\" data-end=\"1323\">\n<p data-start=\"1282\" data-end=\"1323\">Pe\u00e7as para montagem do <strong data-start=\"1305\" data-end=\"1323\">Aquarius Camus<\/strong><\/p>\n<\/li>\n<li data-start=\"1324\" data-end=\"1354\">\n<p data-start=\"1326\" data-end=\"1354\"><strong data-start=\"1326\" data-end=\"1354\">2 rostos intercambi\u00e1veis<\/strong><\/p>\n<\/li>\n<li data-start=\"1355\" data-end=\"1392\">\n<p data-start=\"1357\" data-end=\"1392\"><strong data-start=\"1357\" data-end=\"1392\">4 pares de m\u00e3os intercambi\u00e1veis<\/strong><\/p>\n<\/li>\n<li data-start=\"1393\" data-end=\"1414\">\n<p data-start=\"1395\" data-end=\"1414\"><strong data-start=\"1395\" data-end=\"1414\">Base expositora<\/strong><\/p>\n<\/li>\n<\/ul>","protected":false},"excerpt":{"rendered":"<p>Das profundezas do D\u00e9cimo Primeiro Templo, Aquarius Camus retorna mais uma vez.Este modelo Champion Class, composto por 101 pe\u00e7as, mede aproximadamente 13,5 cm de altura e conta com 36 pontos de articula\u00e7\u00e3o, capturando com perfei\u00e7\u00e3o a precis\u00e3o e a eleg\u00e2ncia de Camus de Aqu\u00e1rio. Cada pe\u00e7a vem pr\u00e9-pintada com alto n\u00edvel de detalhamento, reproduzindo fielmente [&hellip;]<\/p>\n","protected":false},"featured_media":9193,"comment_status":"closed","ping_status":"closed","template":"","meta":[],"product_brand":[],"product_cat":[82],"product_tag":[39],"class_list":{"0":"post-9218","1":"product","2":"type-product","3":"status-publish","4":"has-post-thumbnail","6":"product_cat-cat-venda-direta-geral","7":"product_tag-em-estoque","9":"first","10":"instock","11":"shipping-taxable","12":"purchasable","13":"product-type-simple"},"_links":{"self":[{"href":"https:\/\/superninetoys.com.br\/en\/wp-json\/wp\/v2\/product\/9218","targetHints":{"allow":["GET"]}}],"collection":[{"href":"https:\/\/superninetoys.com.br\/en\/wp-json\/wp\/v2\/product"}],"about":[{"href":"https:\/\/superninetoys.com.br\/en\/wp-json\/wp\/v2\/types\/product"}],"replies":[{"embeddable":true,"href":"https:\/\/superninetoys.com.br\/en\/wp-json\/wp\/v2\/comments?post=9218"}],"wp:featuredmedia":[{"embeddable":true,"href":"https:\/\/superninetoys.com.br\/en\/wp-json\/wp\/v2\/media\/9193"}],"wp:attachment":[{"href":"https:\/\/superninetoys.com.br\/en\/wp-json\/wp\/v2\/media?parent=9218"}],"wp:term":[{"taxonomy":"product_brand","embeddable":true,"href":"https:\/\/superninetoys.com.br\/en\/wp-json\/wp\/v2\/product_brand?post=9218"},{"taxonomy":"product_cat","embeddable":true,"href":"https:\/\/superninetoys.com.br\/en\/wp-json\/wp\/v2\/product_cat?post=9218"},{"taxonomy":"product_tag","embeddable":true,"href":"https:\/\/superninetoys.com.br\/en\/wp-json\/wp\/v2\/product_tag?post=9218"}],"curies":[{"name":"wp","href":"https:\/\/api.w.org\/{rel}","templated":true}]}}