{"id":9236,"date":"2026-01-14T20:41:50","date_gmt":"2026-01-14T20:41:50","guid":{"rendered":"https:\/\/superninetoys.com.br\/?post_type=product&#038;p=9236"},"modified":"2026-02-01T02:27:43","modified_gmt":"2026-02-01T02:27:43","slug":"transformers-classic-class-11-transformers-one-optimus-prime-model-kit-blokees","status":"publish","type":"product","link":"https:\/\/superninetoys.com.br\/en\/product\/transformers-classic-class-11-transformers-one-optimus-prime-model-kit-blokees\/","title":{"rendered":"TRANSFORMERS Classic Class 11 Transformers One Optimus Prime Model Kit BLOKEES"},"content":{"rendered":"<p data-start=\"117\" data-end=\"257\"><strong data-start=\"117\" data-end=\"136\">A lenda come\u00e7a!<\/strong><br data-start=\"136\" data-end=\"139\" \/>Diretamente do aguardado filme <strong data-start=\"170\" data-end=\"190\">Transformers One<\/strong>, <strong data-start=\"192\" data-end=\"209\">Optimus Prime<\/strong> chega \u00e0 linha <strong data-start=\"224\" data-end=\"254\">Blokees \u2013 Classic Class 11<\/strong>!<\/p>\n<p data-start=\"259\" data-end=\"603\">Esta vers\u00e3o <strong data-start=\"271\" data-end=\"295\">mini, por\u00e9m poderosa<\/strong>, do jovem l\u00edder Autobot apresenta <strong data-start=\"330\" data-end=\"370\">cores vibrantes, escultura detalhada<\/strong> e todo o <strong data-start=\"380\" data-end=\"431\">charme caracter\u00edstico do visual cinematogr\u00e1fico<\/strong>, em um formato estilizado e altamente colecion\u00e1vel. Perfeita para f\u00e3s que gostam de Transformers com um toque <strong data-start=\"542\" data-end=\"563\">fofo e estilizado<\/strong>, sem perder a identidade do personagem.<\/p>\n<hr data-start=\"605\" data-end=\"608\" \/>\n<h3 data-start=\"610\" data-end=\"625\">\u2b50 Destaques<\/h3>\n<ul data-start=\"626\" data-end=\"865\">\n<li data-start=\"626\" data-end=\"690\">\n<p data-start=\"628\" data-end=\"690\"><strong data-start=\"628\" data-end=\"645\">Optimus Prime<\/strong> conforme visto no filme <strong data-start=\"670\" data-end=\"690\">Transformers One<\/strong><\/p>\n<\/li>\n<li data-start=\"691\" data-end=\"749\">\n<p data-start=\"693\" data-end=\"749\">Formato <strong data-start=\"701\" data-end=\"721\">Blokees compacto<\/strong>, com propor\u00e7\u00f5es estilizadas<\/p>\n<\/li>\n<li data-start=\"750\" data-end=\"795\">\n<p data-start=\"752\" data-end=\"795\"><strong data-start=\"752\" data-end=\"766\">Articulado<\/strong>, ideal para brincar ou expor<\/p>\n<\/li>\n<li data-start=\"796\" data-end=\"865\">\n<p data-start=\"798\" data-end=\"865\">Perfeito para f\u00e3s novos e veteranos \u2014 <strong data-start=\"836\" data-end=\"865\">empilhe, pose, colecione!<\/strong><\/p>\n<\/li>\n<\/ul>\n<p data-start=\"867\" data-end=\"979\">Adicione o <strong data-start=\"878\" data-end=\"907\">futuro l\u00edder dos Autobots<\/strong> \u00e0 sua cole\u00e7\u00e3o hoje mesmo \u2014 <strong data-start=\"935\" data-end=\"979\">pequeno no tamanho, gigante na centelha!<\/strong><\/p>","protected":false},"excerpt":{"rendered":"<p style=\"text-align: center;\"><strong>\u26a0\ufe0f\u26a0\ufe0f ATEN\u00c7\u00c3O: PRODUTO EM PR\u00c9-VENDA COM PRAZO PARA ENVIO DE AT\u00c9 14 DIAS AP\u00d3S A DATA DA COMPRA \u26a0\ufe0f\u26a0\ufe0f<\/strong><\/p>","protected":false},"featured_media":9237,"comment_status":"closed","ping_status":"closed","template":"","meta":[],"product_brand":[],"product_cat":[84,76,21,22,59,17,86,82],"product_tag":[],"class_list":{"0":"post-9236","1":"product","2":"type-product","3":"status-publish","4":"has-post-thumbnail","6":"product_cat-cat-blokees","7":"product_cat-cat-jp","8":"product_cat-cat-lancamentos","9":"product_cat-cat-prevendas","10":"product_cat-cat-promocao","11":"product_cat-produtos","12":"product_cat-cat-transformers","13":"product_cat-cat-venda-direta-geral","15":"first","16":"instock","17":"shipping-taxable","18":"purchasable","19":"product-type-simple"},"_links":{"self":[{"href":"https:\/\/superninetoys.com.br\/en\/wp-json\/wp\/v2\/product\/9236","targetHints":{"allow":["GET"]}}],"collection":[{"href":"https:\/\/superninetoys.com.br\/en\/wp-json\/wp\/v2\/product"}],"about":[{"href":"https:\/\/superninetoys.com.br\/en\/wp-json\/wp\/v2\/types\/product"}],"replies":[{"embeddable":true,"href":"https:\/\/superninetoys.com.br\/en\/wp-json\/wp\/v2\/comments?post=9236"}],"wp:featuredmedia":[{"embeddable":true,"href":"https:\/\/superninetoys.com.br\/en\/wp-json\/wp\/v2\/media\/9237"}],"wp:attachment":[{"href":"https:\/\/superninetoys.com.br\/en\/wp-json\/wp\/v2\/media?parent=9236"}],"wp:term":[{"taxonomy":"product_brand","embeddable":true,"href":"https:\/\/superninetoys.com.br\/en\/wp-json\/wp\/v2\/product_brand?post=9236"},{"taxonomy":"product_cat","embeddable":true,"href":"https:\/\/superninetoys.com.br\/en\/wp-json\/wp\/v2\/product_cat?post=9236"},{"taxonomy":"product_tag","embeddable":true,"href":"https:\/\/superninetoys.com.br\/en\/wp-json\/wp\/v2\/product_tag?post=9236"}],"curies":[{"name":"wp","href":"https:\/\/api.w.org\/{rel}","templated":true}]}}