{"id":9241,"date":"2026-01-14T20:45:11","date_gmt":"2026-01-14T20:45:11","guid":{"rendered":"https:\/\/superninetoys.com.br\/?post_type=product&#038;p=9241"},"modified":"2026-02-01T02:27:36","modified_gmt":"2026-02-01T02:27:36","slug":"transformers-classic-class-12-transformers-one-megatron-model-kit-blokees","status":"publish","type":"product","link":"https:\/\/superninetoys.com.br\/en\/product\/transformers-classic-class-12-transformers-one-megatron-model-kit-blokees\/","title":{"rendered":"Transformers Classic Class 12 Transformers One Megatron Model Kit BLOKEES"},"content":{"rendered":"<p data-start=\"145\" data-end=\"262\"><strong data-start=\"145\" data-end=\"260\">Traga \u00e0 vida o infame l\u00edder dos Decepticons com esta figura oficialmente licenciada Transformers: One Megatron.<\/strong><\/p>\n<p data-start=\"264\" data-end=\"349\">Com aproximadamente <strong data-start=\"284\" data-end=\"305\">12,7 cm de altura<\/strong>, este modelo altamente detalhado apresenta:<\/p>\n<ul data-start=\"351\" data-end=\"715\">\n<li data-start=\"351\" data-end=\"411\">\n<p data-start=\"353\" data-end=\"411\"><strong data-start=\"353\" data-end=\"377\">Design fiel ao filme<\/strong>, com escultura rica em detalhes<\/p>\n<\/li>\n<li data-start=\"412\" data-end=\"484\">\n<p data-start=\"414\" data-end=\"484\"><strong data-start=\"414\" data-end=\"446\">Olhos e peito com ilumina\u00e7\u00e3o<\/strong>, criando um efeito visual dram\u00e1tico<\/p>\n<\/li>\n<li data-start=\"485\" data-end=\"549\">\n<p data-start=\"487\" data-end=\"549\"><strong data-start=\"487\" data-end=\"511\">Articula\u00e7\u00e3o completa<\/strong>, ideal para poses de a\u00e7\u00e3o din\u00e2micas<\/p>\n<\/li>\n<li data-start=\"550\" data-end=\"615\">\n<p data-start=\"552\" data-end=\"615\"><strong data-start=\"552\" data-end=\"586\">Armas exclusivas do personagem<\/strong> e <strong data-start=\"589\" data-end=\"613\">m\u00e3os intercambi\u00e1veis<\/strong><\/p>\n<\/li>\n<li data-start=\"616\" data-end=\"685\">\n<p data-start=\"618\" data-end=\"685\"><strong data-start=\"618\" data-end=\"654\">Montagem f\u00e1cil e sem ferramentas<\/strong> \u2014 n\u00e3o requer cola ou pintura<\/p>\n<\/li>\n<li data-start=\"686\" data-end=\"715\">\n<p data-start=\"688\" data-end=\"715\"><strong data-start=\"688\" data-end=\"715\">Base expositora inclusa<\/strong><\/p>\n<\/li>\n<\/ul>\n<p data-start=\"717\" data-end=\"934\">Esta figura premium do <strong data-start=\"740\" data-end=\"752\">Megatron<\/strong> oferece presen\u00e7a marcante para exposi\u00e7\u00e3o e excelente valor para brincadeira. <strong data-start=\"830\" data-end=\"869\">Recomendado para maiores de 12 anos<\/strong>, \u00e9 hora de escolher seu lado na \u00e9pica batalha por <strong data-start=\"920\" data-end=\"933\">Cybertron<\/strong>!<\/p>","protected":false},"excerpt":{"rendered":"<p style=\"text-align: center;\"><strong>\u26a0\ufe0f\u26a0\ufe0f ATEN\u00c7\u00c3O: PRODUTO EM PR\u00c9-VENDA COM PRAZO PARA ENVIO DE AT\u00c9 14 DIAS AP\u00d3S A DATA DA COMPRA \u26a0\ufe0f\u26a0\ufe0f<\/strong><\/p>","protected":false},"featured_media":9243,"comment_status":"closed","ping_status":"closed","template":"","meta":[],"product_brand":[],"product_cat":[84,76,21,22,59,17,86,82],"product_tag":[],"class_list":{"0":"post-9241","1":"product","2":"type-product","3":"status-publish","4":"has-post-thumbnail","6":"product_cat-cat-blokees","7":"product_cat-cat-jp","8":"product_cat-cat-lancamentos","9":"product_cat-cat-prevendas","10":"product_cat-cat-promocao","11":"product_cat-produtos","12":"product_cat-cat-transformers","13":"product_cat-cat-venda-direta-geral","15":"first","16":"instock","17":"shipping-taxable","18":"purchasable","19":"product-type-simple"},"_links":{"self":[{"href":"https:\/\/superninetoys.com.br\/en\/wp-json\/wp\/v2\/product\/9241","targetHints":{"allow":["GET"]}}],"collection":[{"href":"https:\/\/superninetoys.com.br\/en\/wp-json\/wp\/v2\/product"}],"about":[{"href":"https:\/\/superninetoys.com.br\/en\/wp-json\/wp\/v2\/types\/product"}],"replies":[{"embeddable":true,"href":"https:\/\/superninetoys.com.br\/en\/wp-json\/wp\/v2\/comments?post=9241"}],"wp:featuredmedia":[{"embeddable":true,"href":"https:\/\/superninetoys.com.br\/en\/wp-json\/wp\/v2\/media\/9243"}],"wp:attachment":[{"href":"https:\/\/superninetoys.com.br\/en\/wp-json\/wp\/v2\/media?parent=9241"}],"wp:term":[{"taxonomy":"product_brand","embeddable":true,"href":"https:\/\/superninetoys.com.br\/en\/wp-json\/wp\/v2\/product_brand?post=9241"},{"taxonomy":"product_cat","embeddable":true,"href":"https:\/\/superninetoys.com.br\/en\/wp-json\/wp\/v2\/product_cat?post=9241"},{"taxonomy":"product_tag","embeddable":true,"href":"https:\/\/superninetoys.com.br\/en\/wp-json\/wp\/v2\/product_tag?post=9241"}],"curies":[{"name":"wp","href":"https:\/\/api.w.org\/{rel}","templated":true}]}}