{"id":9253,"date":"2026-01-14T20:55:27","date_gmt":"2026-01-14T20:55:27","guid":{"rendered":"https:\/\/superninetoys.com.br\/?post_type=product&#038;p=9253"},"modified":"2026-02-01T02:27:15","modified_gmt":"2026-02-01T02:27:15","slug":"transformers-action-edition-03-soundwave-model-kit-blokees","status":"publish","type":"product","link":"https:\/\/superninetoys.com.br\/en\/product\/transformers-action-edition-03-soundwave-model-kit-blokees\/","title":{"rendered":"Transformers Action Edition 03 Soundwave Model Kit BLOKEES"},"content":{"rendered":"<p data-start=\"145\" data-end=\"394\"><strong data-start=\"145\" data-end=\"169\">Soundwave da Blokees<\/strong> traz uma figura <strong data-start=\"186\" data-end=\"235\">oficialmente licenciada e altamente detalhada<\/strong>, dando vida ao ic\u00f4nico personagem no visual <strong data-start=\"280\" data-end=\"286\">G1<\/strong>. Com aproximadamente <strong data-start=\"308\" data-end=\"329\">17,8 cm de altura<\/strong>, Soundwave oferece uma presen\u00e7a imponente para qualquer cole\u00e7\u00e3o.<\/p>\n<p><strong data-start=\"0\" data-end=\"61\" data-is-only-node=\"\">Apresenta falas cl\u00e1ssicas do Soundwave e olhos iluminados<\/strong>, com <strong data-start=\"67\" data-end=\"97\">ativa\u00e7\u00e3o magn\u00e9tica simples<\/strong>.<\/p>\n<p data-start=\"396\" data-end=\"701\">Com <strong data-start=\"400\" data-end=\"428\">45 pontos de articula\u00e7\u00e3o<\/strong> e um <strong data-start=\"434\" data-end=\"464\">esqueleto mec\u00e2nico interno<\/strong>, a figura permite <strong data-start=\"483\" data-end=\"513\">poses precisas e din\u00e2micas<\/strong>. Esta vers\u00e3o <strong data-start=\"527\" data-end=\"545\">Action Edition<\/strong> apresenta uma montagem <strong data-start=\"569\" data-end=\"598\">mais elaborada e complexa<\/strong>, proporcionando uma experi\u00eancia de constru\u00e7\u00e3o rica e altamente satisfat\u00f3ria para f\u00e3s e colecionadores.<\/p>\n<p data-start=\"703\" data-end=\"1024\">O conjunto inclui um <strong data-start=\"724\" data-end=\"751\">m\u00f3dulo de luz magn\u00e9tico<\/strong>, que ilumina os <strong data-start=\"768\" data-end=\"777\">olhos<\/strong> para um efeito visual marcante, al\u00e9m de <strong data-start=\"818\" data-end=\"840\">acess\u00f3rios e armas<\/strong> que ampliam as possibilidades de exibi\u00e7\u00e3o. Apesar do n\u00edvel elevado de detalhes, o modelo foi projetado para <strong data-start=\"949\" data-end=\"969\">montagem pr\u00e1tica<\/strong>, garantindo uma experi\u00eancia fluida e sem complica\u00e7\u00f5es.<\/p>\n<p data-start=\"1026\" data-end=\"1088\">Uma pe\u00e7a indispens\u00e1vel para qualquer cole\u00e7\u00e3o <strong data-start=\"1071\" data-end=\"1087\">Transformers<\/strong>.<\/p>\n<p data-start=\"1090\" data-end=\"1130\"><strong data-start=\"1090\" data-end=\"1130\">Recomendado para maiores de 14 anos.<\/strong><\/p>","protected":false},"excerpt":{"rendered":"<p style=\"text-align: center;\"><strong>\u26a0\ufe0f\u26a0\ufe0f ATEN\u00c7\u00c3O: PRODUTO EM PR\u00c9-VENDA COM PRAZO PARA ENVIO NO COME\u00c7O DE MAR\u00c7O \u26a0\ufe0f\u26a0\ufe0f<\/strong><\/p>","protected":false},"featured_media":9254,"comment_status":"closed","ping_status":"closed","template":"","meta":[],"product_brand":[],"product_cat":[84,76,21,22,59,17,86,82],"product_tag":[],"class_list":{"0":"post-9253","1":"product","2":"type-product","3":"status-publish","4":"has-post-thumbnail","6":"product_cat-cat-blokees","7":"product_cat-cat-jp","8":"product_cat-cat-lancamentos","9":"product_cat-cat-prevendas","10":"product_cat-cat-promocao","11":"product_cat-produtos","12":"product_cat-cat-transformers","13":"product_cat-cat-venda-direta-geral","15":"first","16":"instock","17":"shipping-taxable","18":"purchasable","19":"product-type-simple"},"_links":{"self":[{"href":"https:\/\/superninetoys.com.br\/en\/wp-json\/wp\/v2\/product\/9253","targetHints":{"allow":["GET"]}}],"collection":[{"href":"https:\/\/superninetoys.com.br\/en\/wp-json\/wp\/v2\/product"}],"about":[{"href":"https:\/\/superninetoys.com.br\/en\/wp-json\/wp\/v2\/types\/product"}],"replies":[{"embeddable":true,"href":"https:\/\/superninetoys.com.br\/en\/wp-json\/wp\/v2\/comments?post=9253"}],"wp:featuredmedia":[{"embeddable":true,"href":"https:\/\/superninetoys.com.br\/en\/wp-json\/wp\/v2\/media\/9254"}],"wp:attachment":[{"href":"https:\/\/superninetoys.com.br\/en\/wp-json\/wp\/v2\/media?parent=9253"}],"wp:term":[{"taxonomy":"product_brand","embeddable":true,"href":"https:\/\/superninetoys.com.br\/en\/wp-json\/wp\/v2\/product_brand?post=9253"},{"taxonomy":"product_cat","embeddable":true,"href":"https:\/\/superninetoys.com.br\/en\/wp-json\/wp\/v2\/product_cat?post=9253"},{"taxonomy":"product_tag","embeddable":true,"href":"https:\/\/superninetoys.com.br\/en\/wp-json\/wp\/v2\/product_tag?post=9253"}],"curies":[{"name":"wp","href":"https:\/\/api.w.org\/{rel}","templated":true}]}}