{"id":9273,"date":"2026-01-15T20:04:53","date_gmt":"2026-01-15T20:04:53","guid":{"rendered":"https:\/\/superninetoys.com.br\/?post_type=product&#038;p=9273"},"modified":"2026-04-02T21:07:10","modified_gmt":"2026-04-02T21:07:10","slug":"saint-seiya-champion-class-06-taurus-aldebaran-model-kit-blokees","status":"publish","type":"product","link":"https:\/\/superninetoys.com.br\/en\/product\/saint-seiya-champion-class-06-taurus-aldebaran-model-kit-blokees\/","title":{"rendered":"Saint Seiya Champion Class 06 Taurus Aldebaran Model Kit BLOKEES"},"content":{"rendered":"<h3 data-start=\"146\" data-end=\"190\"><strong data-start=\"150\" data-end=\"188\">Articula\u00e7\u00e3o Superior com 46 Pontos<\/strong><\/h3>\n<h3 data-start=\"191\" data-end=\"233\"><strong data-start=\"195\" data-end=\"231\">Montagem Premium sem Ferramentas<\/strong><\/h3>\n<h3 data-start=\"234\" data-end=\"274\"><strong data-start=\"238\" data-end=\"272\">Arsenal Completo de Acess\u00f3rios<\/strong><\/h3>\n<h3 data-start=\"275\" data-end=\"317\"><strong data-start=\"279\" data-end=\"315\">Sistema de Cabe\u00e7a Intercambi\u00e1vel<\/strong><\/h3>\n<h3 data-start=\"318\" data-end=\"355\"><strong data-start=\"322\" data-end=\"355\">Efeitos de Batalha Exclusivos<\/strong><\/h3>\n<p data-start=\"357\" data-end=\"601\">Model kit <strong data-start=\"367\" data-end=\"387\">Taurus Aldebaran<\/strong> oficialmente licenciado, com <strong data-start=\"417\" data-end=\"445\">46 pontos de articula\u00e7\u00e3o<\/strong> para poses din\u00e2micas e impactantes. Composto por <strong data-start=\"495\" data-end=\"521\">140 pe\u00e7as pr\u00e9-pintadas<\/strong> com sistema <strong data-start=\"534\" data-end=\"546\">snap-fit<\/strong>, o modelo <strong data-start=\"557\" data-end=\"600\">n\u00e3o requer ferramentas, cola ou pintura<\/strong>.<\/p>\n<p data-start=\"603\" data-end=\"894\">O conjunto inclui <strong data-start=\"621\" data-end=\"647\">6 m\u00e3os intercambi\u00e1veis<\/strong>, <strong data-start=\"649\" data-end=\"665\">5 acess\u00f3rios<\/strong>, <strong data-start=\"667\" data-end=\"700\">m\u00faltiplas esculturas de rosto<\/strong>, <strong data-start=\"702\" data-end=\"738\">op\u00e7\u00f5es de cabe\u00e7a intercambi\u00e1veis<\/strong> e uma <strong data-start=\"745\" data-end=\"774\">base expositora exclusiva<\/strong>. Recrie poses ic\u00f4nicas de batalha do <strong data-start=\"812\" data-end=\"842\">Cavaleiro de Ouro de Touro<\/strong> com <strong data-start=\"847\" data-end=\"876\">qualidade de colecionador<\/strong>, direto da caixa.<\/p>","protected":false},"excerpt":{"rendered":"<p style=\"text-align: center;\"><strong>\u26a0\ufe0f\u26a0\ufe0f ATEN\u00c7\u00c3O: PRODUTO EM PR\u00c9-VENDA COM PRAZO PARA ENVIO NO IN\u00cdCIO DE MAR\u00c7O \u26a0\ufe0f\u26a0\ufe0f<\/strong><\/p>","protected":false},"featured_media":9275,"comment_status":"closed","ping_status":"closed","template":"","meta":[],"product_brand":[],"product_cat":[84,85,76,21,22,59,17,82],"product_tag":[],"class_list":{"0":"post-9273","1":"product","2":"type-product","3":"status-publish","4":"has-post-thumbnail","6":"product_cat-cat-blokees","7":"product_cat-cat-cdz","8":"product_cat-cat-jp","9":"product_cat-cat-lancamentos","10":"product_cat-cat-prevendas","11":"product_cat-cat-promocao","12":"product_cat-produtos","13":"product_cat-cat-venda-direta-geral","15":"first","16":"outofstock","17":"shipping-taxable","18":"purchasable","19":"product-type-simple"},"_links":{"self":[{"href":"https:\/\/superninetoys.com.br\/en\/wp-json\/wp\/v2\/product\/9273","targetHints":{"allow":["GET"]}}],"collection":[{"href":"https:\/\/superninetoys.com.br\/en\/wp-json\/wp\/v2\/product"}],"about":[{"href":"https:\/\/superninetoys.com.br\/en\/wp-json\/wp\/v2\/types\/product"}],"replies":[{"embeddable":true,"href":"https:\/\/superninetoys.com.br\/en\/wp-json\/wp\/v2\/comments?post=9273"}],"wp:featuredmedia":[{"embeddable":true,"href":"https:\/\/superninetoys.com.br\/en\/wp-json\/wp\/v2\/media\/9275"}],"wp:attachment":[{"href":"https:\/\/superninetoys.com.br\/en\/wp-json\/wp\/v2\/media?parent=9273"}],"wp:term":[{"taxonomy":"product_brand","embeddable":true,"href":"https:\/\/superninetoys.com.br\/en\/wp-json\/wp\/v2\/product_brand?post=9273"},{"taxonomy":"product_cat","embeddable":true,"href":"https:\/\/superninetoys.com.br\/en\/wp-json\/wp\/v2\/product_cat?post=9273"},{"taxonomy":"product_tag","embeddable":true,"href":"https:\/\/superninetoys.com.br\/en\/wp-json\/wp\/v2\/product_tag?post=9273"}],"curies":[{"name":"wp","href":"https:\/\/api.w.org\/{rel}","templated":true}]}}