{"id":9289,"date":"2026-01-15T20:13:50","date_gmt":"2026-01-15T20:13:50","guid":{"rendered":"https:\/\/superninetoys.com.br\/?post_type=product&#038;p=9289"},"modified":"2026-02-01T02:25:53","modified_gmt":"2026-02-01T02:25:53","slug":"deadpool-wolverine-champion-class-cc04-deadpool-model-kit-blokees","status":"publish","type":"product","link":"https:\/\/superninetoys.com.br\/en\/product\/deadpool-wolverine-champion-class-cc04-deadpool-model-kit-blokees\/","title":{"rendered":"Deadpool &#038; Wolverine Champion Class CC04 Deadpool Model Kit BLOKEES"},"content":{"rendered":"<p data-start=\"145\" data-end=\"475\">A <strong data-start=\"147\" data-end=\"158\">Blokees<\/strong> apresenta uma nova forma de dar vida aos seus personagens favoritos dos lend\u00e1rios filmes da <strong data-start=\"251\" data-end=\"261\">Marvel<\/strong>: conhe\u00e7a os <strong data-start=\"274\" data-end=\"303\">model kits Champion Class<\/strong>! Desenvolvidos com <strong data-start=\"323\" data-end=\"353\">alto n\u00edvel de detalhamento<\/strong>, <strong data-start=\"355\" data-end=\"390\">pontos de articula\u00e7\u00e3o din\u00e2micos<\/strong> e uma ampla variedade de acess\u00f3rios, esses kits s\u00e3o perfeitos para qualquer cole\u00e7\u00e3o.<\/p>\n<p data-start=\"477\" data-end=\"622\">Junte-se ao time de her\u00f3is dos <strong data-start=\"508\" data-end=\"558\">Vingadores \u2014 os Her\u00f3is Mais Poderosos da Terra<\/strong> e garanta hoje mesmo o seu <strong data-start=\"586\" data-end=\"612\">Blokees Champion Class<\/strong> favorito!<\/p>\n<hr data-start=\"624\" data-end=\"627\" \/>\n<h3 data-start=\"629\" data-end=\"662\">\ud83d\udd39 Caracter\u00edsticas do Produto<\/h3>\n<ul data-start=\"663\" data-end=\"857\">\n<li data-start=\"663\" data-end=\"710\">\n<p data-start=\"665\" data-end=\"710\">Aproximadamente <strong data-start=\"681\" data-end=\"710\">12,5 cm de altura (4,92&#8243;)<\/strong><\/p>\n<\/li>\n<li data-start=\"711\" data-end=\"739\">\n<p data-start=\"713\" data-end=\"739\">Fabricado em <strong data-start=\"726\" data-end=\"739\">PVC e ABS<\/strong><\/p>\n<\/li>\n<li data-start=\"740\" data-end=\"783\">\n<p data-start=\"742\" data-end=\"783\">Baseado no filme <strong data-start=\"759\" data-end=\"783\">Deadpool &amp; Wolverine<\/strong><\/p>\n<\/li>\n<li data-start=\"784\" data-end=\"819\">\n<p data-start=\"786\" data-end=\"819\">Parte da linha <strong data-start=\"801\" data-end=\"819\">Champion Class<\/strong><\/p>\n<\/li>\n<li data-start=\"820\" data-end=\"857\">\n<p data-start=\"822\" data-end=\"857\"><strong data-start=\"822\" data-end=\"857\">M\u00faltiplos pontos de articula\u00e7\u00e3o<\/strong><\/p>\n<\/li>\n<\/ul>\n<hr data-start=\"859\" data-end=\"862\" \/>\n<h3 data-start=\"864\" data-end=\"888\">\ud83d\udce6 Conte\u00fado da Caixa<\/h3>\n<ul data-start=\"889\" data-end=\"1031\">\n<li data-start=\"889\" data-end=\"926\">\n<p data-start=\"891\" data-end=\"926\">Pe\u00e7as para montagem do <strong data-start=\"914\" data-end=\"926\">Deadpool<\/strong><\/p>\n<\/li>\n<li data-start=\"927\" data-end=\"953\">\n<p data-start=\"929\" data-end=\"953\"><strong data-start=\"929\" data-end=\"953\">M\u00e3os intercambi\u00e1veis<\/strong><\/p>\n<\/li>\n<li data-start=\"954\" data-end=\"977\">\n<p data-start=\"956\" data-end=\"977\"><strong data-start=\"956\" data-end=\"977\">Torso alternativo<\/strong><\/p>\n<\/li>\n<li data-start=\"978\" data-end=\"993\">\n<p data-start=\"980\" data-end=\"993\"><strong data-start=\"980\" data-end=\"993\">2 katanas<\/strong><\/p>\n<\/li>\n<li data-start=\"994\" data-end=\"1004\">\n<p data-start=\"996\" data-end=\"1004\"><strong data-start=\"996\" data-end=\"1004\">Faca<\/strong><\/p>\n<\/li>\n<li data-start=\"1005\" data-end=\"1031\">\n<p data-start=\"1007\" data-end=\"1031\"><strong data-start=\"1007\" data-end=\"1031\">Manual de instru\u00e7\u00f5es<\/strong><\/p>\n<\/li>\n<\/ul>","protected":false},"excerpt":{"rendered":"<p style=\"text-align: center;\"><strong>\u26a0\ufe0f\u26a0\ufe0f ATEN\u00c7\u00c3O: PRODUTO EM PR\u00c9-VENDA COM PRAZO PARA ENVIO NO IN\u00cdCIO DE MAR\u00c7O \u26a0\ufe0f\u26a0\ufe0f<\/strong><\/p>","protected":false},"featured_media":9290,"comment_status":"closed","ping_status":"closed","template":"","meta":[],"product_brand":[],"product_cat":[84,18,21,22,59,17,82],"product_tag":[],"class_list":{"0":"post-9289","1":"product","2":"type-product","3":"status-publish","4":"has-post-thumbnail","6":"product_cat-cat-blokees","7":"product_cat-cat-marvel","8":"product_cat-cat-lancamentos","9":"product_cat-cat-prevendas","10":"product_cat-cat-promocao","11":"product_cat-produtos","12":"product_cat-cat-venda-direta-geral","14":"first","15":"instock","16":"shipping-taxable","17":"purchasable","18":"product-type-simple"},"_links":{"self":[{"href":"https:\/\/superninetoys.com.br\/en\/wp-json\/wp\/v2\/product\/9289","targetHints":{"allow":["GET"]}}],"collection":[{"href":"https:\/\/superninetoys.com.br\/en\/wp-json\/wp\/v2\/product"}],"about":[{"href":"https:\/\/superninetoys.com.br\/en\/wp-json\/wp\/v2\/types\/product"}],"replies":[{"embeddable":true,"href":"https:\/\/superninetoys.com.br\/en\/wp-json\/wp\/v2\/comments?post=9289"}],"wp:featuredmedia":[{"embeddable":true,"href":"https:\/\/superninetoys.com.br\/en\/wp-json\/wp\/v2\/media\/9290"}],"wp:attachment":[{"href":"https:\/\/superninetoys.com.br\/en\/wp-json\/wp\/v2\/media?parent=9289"}],"wp:term":[{"taxonomy":"product_brand","embeddable":true,"href":"https:\/\/superninetoys.com.br\/en\/wp-json\/wp\/v2\/product_brand?post=9289"},{"taxonomy":"product_cat","embeddable":true,"href":"https:\/\/superninetoys.com.br\/en\/wp-json\/wp\/v2\/product_cat?post=9289"},{"taxonomy":"product_tag","embeddable":true,"href":"https:\/\/superninetoys.com.br\/en\/wp-json\/wp\/v2\/product_tag?post=9289"}],"curies":[{"name":"wp","href":"https:\/\/api.w.org\/{rel}","templated":true}]}}