{"id":9294,"date":"2026-01-15T20:16:02","date_gmt":"2026-01-15T20:16:02","guid":{"rendered":"https:\/\/superninetoys.com.br\/?post_type=product&#038;p=9294"},"modified":"2026-02-01T02:25:44","modified_gmt":"2026-02-01T02:25:44","slug":"marvel-infinity-saga-champion-class-cc03-captain-america-model-kit-blokees","status":"publish","type":"product","link":"https:\/\/superninetoys.com.br\/en\/product\/marvel-infinity-saga-champion-class-cc03-captain-america-model-kit-blokees\/","title":{"rendered":"Marvel Infinity Saga Champion Class CC03 Captain America Model Kit BLOKEES"},"content":{"rendered":"<p data-start=\"145\" data-end=\"507\">A <strong data-start=\"147\" data-end=\"158\">Blokees<\/strong> apresenta uma nova forma de representar seus personagens favoritos da lend\u00e1ria <strong data-start=\"238\" data-end=\"283\">saga cinematogr\u00e1fica Marvel Infinity Saga<\/strong>: conhe\u00e7a os <strong data-start=\"296\" data-end=\"325\">model kits Champion Class<\/strong>! Desenvolvidos com <strong data-start=\"345\" data-end=\"375\">alto n\u00edvel de detalhamento<\/strong>, <strong data-start=\"377\" data-end=\"412\">pontos de articula\u00e7\u00e3o din\u00e2micos<\/strong> e uma ampla variedade de acess\u00f3rios, esses kits se encaixam perfeitamente em qualquer cole\u00e7\u00e3o.<\/p>\n<p data-start=\"509\" data-end=\"654\">Junte-se ao time de her\u00f3is dos <strong data-start=\"540\" data-end=\"590\">Vingadores \u2014 os Her\u00f3is Mais Poderosos da Terra<\/strong> e garanta hoje mesmo o seu <strong data-start=\"618\" data-end=\"644\">Blokees Champion Class<\/strong> favorito!<\/p>\n<hr data-start=\"656\" data-end=\"659\" \/>\n<h3 data-start=\"661\" data-end=\"694\">\ud83d\udd39 Caracter\u00edsticas do Produto<\/h3>\n<ul data-start=\"695\" data-end=\"899\">\n<li data-start=\"695\" data-end=\"742\">\n<p data-start=\"697\" data-end=\"742\">Aproximadamente <strong data-start=\"713\" data-end=\"742\">12,5 cm de altura (4,92&#8243;)<\/strong><\/p>\n<\/li>\n<li data-start=\"743\" data-end=\"771\">\n<p data-start=\"745\" data-end=\"771\">Fabricado em <strong data-start=\"758\" data-end=\"771\">PVC e ABS<\/strong><\/p>\n<\/li>\n<li data-start=\"772\" data-end=\"825\">\n<p data-start=\"774\" data-end=\"825\">Baseado na s\u00e9rie de filmes <strong data-start=\"801\" data-end=\"825\">Marvel Infinity Saga<\/strong><\/p>\n<\/li>\n<li data-start=\"826\" data-end=\"861\">\n<p data-start=\"828\" data-end=\"861\">Parte da linha <strong data-start=\"843\" data-end=\"861\">Champion Class<\/strong><\/p>\n<\/li>\n<li data-start=\"862\" data-end=\"899\">\n<p data-start=\"864\" data-end=\"899\"><strong data-start=\"864\" data-end=\"899\">M\u00faltiplos pontos de articula\u00e7\u00e3o<\/strong><\/p>\n<\/li>\n<\/ul>\n<hr data-start=\"901\" data-end=\"904\" \/>\n<h3 data-start=\"906\" data-end=\"930\">\ud83d\udce6 Conte\u00fado da Caixa<\/h3>\n<ul data-start=\"931\" data-end=\"1056\">\n<li data-start=\"931\" data-end=\"975\">\n<p data-start=\"933\" data-end=\"975\">Pe\u00e7as para montagem do <strong data-start=\"956\" data-end=\"975\">Captain America<\/strong><\/p>\n<\/li>\n<li data-start=\"976\" data-end=\"1002\">\n<p data-start=\"978\" data-end=\"1002\"><strong data-start=\"978\" data-end=\"1002\">M\u00e3os intercambi\u00e1veis<\/strong><\/p>\n<\/li>\n<li data-start=\"1003\" data-end=\"1015\">\n<p data-start=\"1005\" data-end=\"1015\"><strong data-start=\"1005\" data-end=\"1015\">Escudo<\/strong><\/p>\n<\/li>\n<li data-start=\"1016\" data-end=\"1029\">\n<p data-start=\"1018\" data-end=\"1029\"><strong data-start=\"1018\" data-end=\"1029\">Mjolnir<\/strong><\/p>\n<\/li>\n<li data-start=\"1030\" data-end=\"1056\">\n<p data-start=\"1032\" data-end=\"1056\"><strong data-start=\"1032\" data-end=\"1056\">Manual de instru\u00e7\u00f5es<\/strong><\/p>\n<\/li>\n<\/ul>","protected":false},"excerpt":{"rendered":"<p style=\"text-align: center;\"><strong>\u26a0\ufe0f\u26a0\ufe0f ATEN\u00c7\u00c3O: PRODUTO EM PR\u00c9-VENDA COM PRAZO PARA ENVIO NO IN\u00cdCIO DE MAR\u00c7O \u26a0\ufe0f\u26a0\ufe0f<\/strong><\/p>","protected":false},"featured_media":9295,"comment_status":"closed","ping_status":"closed","template":"","meta":[],"product_brand":[],"product_cat":[84,76,18,21,22,59,17,82],"product_tag":[],"class_list":{"0":"post-9294","1":"product","2":"type-product","3":"status-publish","4":"has-post-thumbnail","6":"product_cat-cat-blokees","7":"product_cat-cat-jp","8":"product_cat-cat-marvel","9":"product_cat-cat-lancamentos","10":"product_cat-cat-prevendas","11":"product_cat-cat-promocao","12":"product_cat-produtos","13":"product_cat-cat-venda-direta-geral","15":"first","16":"instock","17":"shipping-taxable","18":"purchasable","19":"product-type-simple"},"_links":{"self":[{"href":"https:\/\/superninetoys.com.br\/en\/wp-json\/wp\/v2\/product\/9294","targetHints":{"allow":["GET"]}}],"collection":[{"href":"https:\/\/superninetoys.com.br\/en\/wp-json\/wp\/v2\/product"}],"about":[{"href":"https:\/\/superninetoys.com.br\/en\/wp-json\/wp\/v2\/types\/product"}],"replies":[{"embeddable":true,"href":"https:\/\/superninetoys.com.br\/en\/wp-json\/wp\/v2\/comments?post=9294"}],"wp:featuredmedia":[{"embeddable":true,"href":"https:\/\/superninetoys.com.br\/en\/wp-json\/wp\/v2\/media\/9295"}],"wp:attachment":[{"href":"https:\/\/superninetoys.com.br\/en\/wp-json\/wp\/v2\/media?parent=9294"}],"wp:term":[{"taxonomy":"product_brand","embeddable":true,"href":"https:\/\/superninetoys.com.br\/en\/wp-json\/wp\/v2\/product_brand?post=9294"},{"taxonomy":"product_cat","embeddable":true,"href":"https:\/\/superninetoys.com.br\/en\/wp-json\/wp\/v2\/product_cat?post=9294"},{"taxonomy":"product_tag","embeddable":true,"href":"https:\/\/superninetoys.com.br\/en\/wp-json\/wp\/v2\/product_tag?post=9294"}],"curies":[{"name":"wp","href":"https:\/\/api.w.org\/{rel}","templated":true}]}}