{"id":9299,"date":"2026-01-15T20:17:02","date_gmt":"2026-01-15T20:17:02","guid":{"rendered":"https:\/\/superninetoys.com.br\/?post_type=product&#038;p=9299"},"modified":"2026-02-01T02:25:35","modified_gmt":"2026-02-01T02:25:35","slug":"marvel-infinity-saga-champion-class-cc02-thor-model-kit-blokees","status":"publish","type":"product","link":"https:\/\/superninetoys.com.br\/en\/product\/marvel-infinity-saga-champion-class-cc02-thor-model-kit-blokees\/","title":{"rendered":"Marvel Infinity Saga Champion Class CC02 Thor Model Kit BLOKEES"},"content":{"rendered":"<p data-start=\"145\" data-end=\"494\">A <strong data-start=\"147\" data-end=\"158\">Blokees<\/strong> apresenta uma nova forma de representar seus personagens favoritos da lend\u00e1ria <strong data-start=\"238\" data-end=\"283\">saga cinematogr\u00e1fica Marvel Infinity Saga<\/strong>: conhe\u00e7a os <strong data-start=\"296\" data-end=\"325\">model kits Champion Class<\/strong>! Desenvolvidos com <strong data-start=\"345\" data-end=\"375\">alto n\u00edvel de detalhamento<\/strong>, <strong data-start=\"377\" data-end=\"412\">pontos de articula\u00e7\u00e3o din\u00e2micos<\/strong> e uma ampla variedade de acess\u00f3rios, esses kits s\u00e3o ideais para qualquer cole\u00e7\u00e3o.<\/p>\n<p data-start=\"496\" data-end=\"641\">Junte-se ao time de her\u00f3is dos <strong data-start=\"527\" data-end=\"577\">Vingadores \u2014 os Her\u00f3is Mais Poderosos da Terra<\/strong> e garanta hoje mesmo o seu <strong data-start=\"605\" data-end=\"631\">Blokees Champion Class<\/strong> favorito!<\/p>\n<hr data-start=\"643\" data-end=\"646\" \/>\n<h3 data-start=\"648\" data-end=\"681\">\ud83d\udd39 Caracter\u00edsticas do Produto<\/h3>\n<ul data-start=\"682\" data-end=\"886\">\n<li data-start=\"682\" data-end=\"729\">\n<p data-start=\"684\" data-end=\"729\">Aproximadamente <strong data-start=\"700\" data-end=\"729\">12,5 cm de altura (4,92&#8243;)<\/strong><\/p>\n<\/li>\n<li data-start=\"730\" data-end=\"758\">\n<p data-start=\"732\" data-end=\"758\">Fabricado em <strong data-start=\"745\" data-end=\"758\">PVC e ABS<\/strong><\/p>\n<\/li>\n<li data-start=\"759\" data-end=\"812\">\n<p data-start=\"761\" data-end=\"812\">Baseado na s\u00e9rie de filmes <strong data-start=\"788\" data-end=\"812\">Marvel Infinity Saga<\/strong><\/p>\n<\/li>\n<li data-start=\"813\" data-end=\"848\">\n<p data-start=\"815\" data-end=\"848\">Parte da linha <strong data-start=\"830\" data-end=\"848\">Champion Class<\/strong><\/p>\n<\/li>\n<li data-start=\"849\" data-end=\"886\">\n<p data-start=\"851\" data-end=\"886\"><strong data-start=\"851\" data-end=\"886\">M\u00faltiplos pontos de articula\u00e7\u00e3o<\/strong><\/p>\n<\/li>\n<\/ul>\n<hr data-start=\"888\" data-end=\"891\" \/>\n<h3 data-start=\"893\" data-end=\"917\">\ud83d\udce6 Conte\u00fado da Caixa<\/h3>\n<ul data-start=\"918\" data-end=\"1083\">\n<li data-start=\"918\" data-end=\"951\">\n<p data-start=\"920\" data-end=\"951\">Pe\u00e7as para montagem do <strong data-start=\"943\" data-end=\"951\">Thor<\/strong><\/p>\n<\/li>\n<li data-start=\"952\" data-end=\"978\">\n<p data-start=\"954\" data-end=\"978\"><strong data-start=\"954\" data-end=\"978\">M\u00e3os intercambi\u00e1veis<\/strong><\/p>\n<\/li>\n<li data-start=\"979\" data-end=\"1002\">\n<p data-start=\"981\" data-end=\"1002\"><strong data-start=\"981\" data-end=\"1002\">Rosto alternativo<\/strong><\/p>\n<\/li>\n<li data-start=\"1003\" data-end=\"1021\">\n<p data-start=\"1005\" data-end=\"1021\"><strong data-start=\"1005\" data-end=\"1021\">Stormbreaker<\/strong><\/p>\n<\/li>\n<li data-start=\"1022\" data-end=\"1056\">\n<p data-start=\"1024\" data-end=\"1056\"><strong data-start=\"1024\" data-end=\"1056\">Pe\u00e7as de efeito de rel\u00e2mpago<\/strong><\/p>\n<\/li>\n<li data-start=\"1057\" data-end=\"1083\">\n<p data-start=\"1059\" data-end=\"1083\"><strong data-start=\"1059\" data-end=\"1083\">Manual de instru\u00e7\u00f5es<\/strong><\/p>\n<\/li>\n<\/ul>","protected":false},"excerpt":{"rendered":"<p style=\"text-align: center;\"><strong>\u26a0\ufe0f\u26a0\ufe0f ATEN\u00c7\u00c3O: PRODUTO EM PR\u00c9-VENDA COM PRAZO PARA ENVIO NO IN\u00cdCIO DE MAR\u00c7O \u26a0\ufe0f\u26a0\ufe0f<\/strong><\/p>","protected":false},"featured_media":9301,"comment_status":"closed","ping_status":"closed","template":"","meta":[],"product_brand":[],"product_cat":[84,76,18,21,22,59,17,82],"product_tag":[],"class_list":{"0":"post-9299","1":"product","2":"type-product","3":"status-publish","4":"has-post-thumbnail","6":"product_cat-cat-blokees","7":"product_cat-cat-jp","8":"product_cat-cat-marvel","9":"product_cat-cat-lancamentos","10":"product_cat-cat-prevendas","11":"product_cat-cat-promocao","12":"product_cat-produtos","13":"product_cat-cat-venda-direta-geral","15":"first","16":"instock","17":"shipping-taxable","18":"purchasable","19":"product-type-simple"},"_links":{"self":[{"href":"https:\/\/superninetoys.com.br\/en\/wp-json\/wp\/v2\/product\/9299","targetHints":{"allow":["GET"]}}],"collection":[{"href":"https:\/\/superninetoys.com.br\/en\/wp-json\/wp\/v2\/product"}],"about":[{"href":"https:\/\/superninetoys.com.br\/en\/wp-json\/wp\/v2\/types\/product"}],"replies":[{"embeddable":true,"href":"https:\/\/superninetoys.com.br\/en\/wp-json\/wp\/v2\/comments?post=9299"}],"wp:featuredmedia":[{"embeddable":true,"href":"https:\/\/superninetoys.com.br\/en\/wp-json\/wp\/v2\/media\/9301"}],"wp:attachment":[{"href":"https:\/\/superninetoys.com.br\/en\/wp-json\/wp\/v2\/media?parent=9299"}],"wp:term":[{"taxonomy":"product_brand","embeddable":true,"href":"https:\/\/superninetoys.com.br\/en\/wp-json\/wp\/v2\/product_brand?post=9299"},{"taxonomy":"product_cat","embeddable":true,"href":"https:\/\/superninetoys.com.br\/en\/wp-json\/wp\/v2\/product_cat?post=9299"},{"taxonomy":"product_tag","embeddable":true,"href":"https:\/\/superninetoys.com.br\/en\/wp-json\/wp\/v2\/product_tag?post=9299"}],"curies":[{"name":"wp","href":"https:\/\/api.w.org\/{rel}","templated":true}]}}