{"id":9305,"date":"2026-01-15T20:19:54","date_gmt":"2026-01-15T20:19:54","guid":{"rendered":"https:\/\/superninetoys.com.br\/?post_type=product&#038;p=9305"},"modified":"2026-02-01T02:25:27","modified_gmt":"2026-02-01T02:25:27","slug":"marvel-infinity-saga-champion-class-cc01ex-iron-man-mk85-ex-model-kit-blokees","status":"publish","type":"product","link":"https:\/\/superninetoys.com.br\/en\/product\/marvel-infinity-saga-champion-class-cc01ex-iron-man-mk85-ex-model-kit-blokees\/","title":{"rendered":"Marvel Infinity Saga Champion Class CC01EX Iron Man MK85 EX Model Kit BLOKEES"},"content":{"rendered":"<p data-start=\"174\" data-end=\"536\">A <strong data-start=\"176\" data-end=\"187\">Blokees<\/strong> apresenta uma nova forma de representar seus personagens favoritos da lend\u00e1ria <strong data-start=\"267\" data-end=\"312\">saga cinematogr\u00e1fica Marvel Infinity Saga<\/strong>: conhe\u00e7a os <strong data-start=\"325\" data-end=\"354\">model kits Champion Class<\/strong>! Desenvolvidos com <strong data-start=\"374\" data-end=\"404\">alto n\u00edvel de detalhamento<\/strong>, <strong data-start=\"406\" data-end=\"441\">pontos de articula\u00e7\u00e3o din\u00e2micos<\/strong> e uma ampla variedade de acess\u00f3rios, esses kits se encaixam perfeitamente em qualquer cole\u00e7\u00e3o.<\/p>\n<p data-start=\"538\" data-end=\"701\"><strong data-start=\"538\" data-end=\"565\">A vers\u00e3o EX do Iron Man<\/strong> traz um <strong data-start=\"574\" data-end=\"609\">acabamento com pintura met\u00e1lica<\/strong>, al\u00e9m de <strong data-start=\"619\" data-end=\"644\">acess\u00f3rios adicionais<\/strong>, oferecendo um visual ainda mais premium para exposi\u00e7\u00e3o.<\/p>\n<p data-start=\"703\" data-end=\"848\">Junte-se ao time de her\u00f3is dos <strong data-start=\"734\" data-end=\"784\">Vingadores \u2014 os Her\u00f3is Mais Poderosos da Terra<\/strong> e garanta hoje mesmo o seu <strong data-start=\"812\" data-end=\"838\">Blokees Champion Class<\/strong> favorito!<\/p>\n<hr data-start=\"850\" data-end=\"853\" \/>\n<h3 data-start=\"855\" data-end=\"888\">\ud83d\udd39 Caracter\u00edsticas do Produto<\/h3>\n<ul data-start=\"889\" data-end=\"1093\">\n<li data-start=\"889\" data-end=\"936\">\n<p data-start=\"891\" data-end=\"936\">Aproximadamente <strong data-start=\"907\" data-end=\"936\">12,5 cm de altura (4,92&#8243;)<\/strong><\/p>\n<\/li>\n<li data-start=\"937\" data-end=\"965\">\n<p data-start=\"939\" data-end=\"965\">Fabricado em <strong data-start=\"952\" data-end=\"965\">PVC e ABS<\/strong><\/p>\n<\/li>\n<li data-start=\"966\" data-end=\"1019\">\n<p data-start=\"968\" data-end=\"1019\">Baseado na s\u00e9rie de filmes <strong data-start=\"995\" data-end=\"1019\">Marvel Infinity Saga<\/strong><\/p>\n<\/li>\n<li data-start=\"1020\" data-end=\"1055\">\n<p data-start=\"1022\" data-end=\"1055\">Parte da linha <strong data-start=\"1037\" data-end=\"1055\">Champion Class<\/strong><\/p>\n<\/li>\n<li data-start=\"1056\" data-end=\"1093\">\n<p data-start=\"1058\" data-end=\"1093\"><strong data-start=\"1058\" data-end=\"1093\">M\u00faltiplos pontos de articula\u00e7\u00e3o<\/strong><\/p>\n<\/li>\n<\/ul>\n<hr data-start=\"1095\" data-end=\"1098\" \/>\n<h3 data-start=\"1100\" data-end=\"1124\">\ud83d\udce6 Conte\u00fado da Caixa<\/h3>\n<ul data-start=\"1125\" data-end=\"1347\">\n<li data-start=\"1125\" data-end=\"1178\">\n<p data-start=\"1127\" data-end=\"1178\">Pe\u00e7as para montagem do <strong data-start=\"1150\" data-end=\"1178\">Iron Man Mark 85 (MK 85)<\/strong><\/p>\n<\/li>\n<li data-start=\"1179\" data-end=\"1205\">\n<p data-start=\"1181\" data-end=\"1205\"><strong data-start=\"1181\" data-end=\"1205\">M\u00e3os intercambi\u00e1veis<\/strong><\/p>\n<\/li>\n<li data-start=\"1206\" data-end=\"1229\">\n<p data-start=\"1208\" data-end=\"1229\"><strong data-start=\"1208\" data-end=\"1229\">L\u00e2mina de energia<\/strong><\/p>\n<\/li>\n<li data-start=\"1230\" data-end=\"1258\">\n<p data-start=\"1232\" data-end=\"1258\"><strong data-start=\"1232\" data-end=\"1258\">Refocalizador de raios<\/strong><\/p>\n<\/li>\n<li data-start=\"1259\" data-end=\"1271\">\n<p data-start=\"1261\" data-end=\"1271\"><strong data-start=\"1261\" data-end=\"1271\">Escudo<\/strong><\/p>\n<\/li>\n<li data-start=\"1272\" data-end=\"1295\">\n<p data-start=\"1274\" data-end=\"1295\"><strong data-start=\"1274\" data-end=\"1295\">Canh\u00e3o tipo garra<\/strong><\/p>\n<\/li>\n<li data-start=\"1296\" data-end=\"1320\">\n<p data-start=\"1298\" data-end=\"1320\"><strong data-start=\"1298\" data-end=\"1320\">Efeitos de disparo<\/strong><\/p>\n<\/li>\n<li data-start=\"1321\" data-end=\"1347\">\n<p data-start=\"1323\" data-end=\"1347\"><strong data-start=\"1323\" data-end=\"1347\">Manual de instru\u00e7\u00f5es<\/strong><\/p>\n<\/li>\n<\/ul>","protected":false},"excerpt":{"rendered":"<p style=\"text-align: center;\"><strong>\u26a0\ufe0f\u26a0\ufe0f ATEN\u00c7\u00c3O: PRODUTO EM PR\u00c9-VENDA COM PRAZO PARA ENVIO NO IN\u00cdCIO DE MAR\u00c7O \u26a0\ufe0f\u26a0\ufe0f<\/strong><\/p>","protected":false},"featured_media":9306,"comment_status":"closed","ping_status":"closed","template":"","meta":[],"product_brand":[],"product_cat":[84,76,18,21,22,59,17,82],"product_tag":[],"class_list":{"0":"post-9305","1":"product","2":"type-product","3":"status-publish","4":"has-post-thumbnail","6":"product_cat-cat-blokees","7":"product_cat-cat-jp","8":"product_cat-cat-marvel","9":"product_cat-cat-lancamentos","10":"product_cat-cat-prevendas","11":"product_cat-cat-promocao","12":"product_cat-produtos","13":"product_cat-cat-venda-direta-geral","15":"first","16":"instock","17":"shipping-taxable","18":"purchasable","19":"product-type-simple"},"_links":{"self":[{"href":"https:\/\/superninetoys.com.br\/en\/wp-json\/wp\/v2\/product\/9305","targetHints":{"allow":["GET"]}}],"collection":[{"href":"https:\/\/superninetoys.com.br\/en\/wp-json\/wp\/v2\/product"}],"about":[{"href":"https:\/\/superninetoys.com.br\/en\/wp-json\/wp\/v2\/types\/product"}],"replies":[{"embeddable":true,"href":"https:\/\/superninetoys.com.br\/en\/wp-json\/wp\/v2\/comments?post=9305"}],"wp:featuredmedia":[{"embeddable":true,"href":"https:\/\/superninetoys.com.br\/en\/wp-json\/wp\/v2\/media\/9306"}],"wp:attachment":[{"href":"https:\/\/superninetoys.com.br\/en\/wp-json\/wp\/v2\/media?parent=9305"}],"wp:term":[{"taxonomy":"product_brand","embeddable":true,"href":"https:\/\/superninetoys.com.br\/en\/wp-json\/wp\/v2\/product_brand?post=9305"},{"taxonomy":"product_cat","embeddable":true,"href":"https:\/\/superninetoys.com.br\/en\/wp-json\/wp\/v2\/product_cat?post=9305"},{"taxonomy":"product_tag","embeddable":true,"href":"https:\/\/superninetoys.com.br\/en\/wp-json\/wp\/v2\/product_tag?post=9305"}],"curies":[{"name":"wp","href":"https:\/\/api.w.org\/{rel}","templated":true}]}}