{"id":9310,"date":"2026-01-15T20:21:22","date_gmt":"2026-01-15T20:21:22","guid":{"rendered":"https:\/\/superninetoys.com.br\/?post_type=product&#038;p=9310"},"modified":"2026-05-13T01:27:06","modified_gmt":"2026-05-13T01:27:06","slug":"glx-vrs-02-cdz","status":"publish","type":"product","link":"https:\/\/superninetoys.com.br\/en\/product\/glx-vrs-02-cdz\/","title":{"rendered":"Blokees Saint Seiya Galaxy Version 02 The Legacy of the Gold Saints KIT COM 09 UNIDADES DE BLIND BOX (CAIXA FECHADA)"},"content":{"rendered":"<p data-start=\"186\" data-end=\"342\"><strong data-start=\"186\" data-end=\"260\">Blokees Saint Seiya \u2013 Galaxy Version 02: The Legacy of the Gold Saints<\/strong> \u00e9 uma cole\u00e7\u00e3o premium inspirada na saga cl\u00e1ssica de <strong data-start=\"313\" data-end=\"341\">Os Cavaleiros do Zod\u00edaco<\/strong>.<\/p>\n<p data-start=\"344\" data-end=\"603\">Este produto corresponde a um <strong data-start=\"374\" data-end=\"430\">kit com 9 blind boxes (caixa fechada com 9 unidades)<\/strong>. Cada blind box cont\u00e9m <strong data-start=\"454\" data-end=\"479\">1 miniatura aleat\u00f3ria<\/strong>, dentre <strong data-start=\"488\" data-end=\"517\">11 personagens diferentes<\/strong>, incluindo <strong data-start=\"529\" data-end=\"562\">vers\u00f5es met\u00e1licas ultra-raras<\/strong>, altamente cobi\u00e7adas por colecionadores.<\/p>\n<p data-start=\"605\" data-end=\"790\">As figuras apresentam <strong data-start=\"627\" data-end=\"650\">escultura detalhada<\/strong>, <strong data-start=\"652\" data-end=\"678\">pintura de alto padr\u00e3o<\/strong> e <strong data-start=\"681\" data-end=\"704\">acabamento refinado<\/strong>, sendo ideais tanto para <strong data-start=\"730\" data-end=\"743\">exposi\u00e7\u00e3o<\/strong> quanto para <strong data-start=\"756\" data-end=\"787\">colecionismo de longo prazo<\/strong>.<\/p>\n<p data-start=\"792\" data-end=\"1050\">Produto <strong data-start=\"800\" data-end=\"827\">oficialmente licenciado<\/strong>, indispens\u00e1vel para f\u00e3s que valorizam <strong data-start=\"866\" data-end=\"910\">autenticidade, exclusividade e qualidade<\/strong>. Acompanha <strong data-start=\"922\" data-end=\"943\">embalagem premium<\/strong>, com design sofisticado, perfeita para enriquecer sua vitrine de <em data-start=\"1009\" data-end=\"1022\">Saint Seiya<\/em> ou sua cole\u00e7\u00e3o <strong data-start=\"1038\" data-end=\"1049\">Blokees<\/strong>.<\/p>","protected":false},"excerpt":{"rendered":"<p>Blokees Saint Seiya \u2013 Galaxy Version 02: The Legacy of the Gold Saints \u00e9 uma cole\u00e7\u00e3o premium inspirada na saga cl\u00e1ssica de Os Cavaleiros do Zod\u00edaco. Este produto corresponde a um kit com 9 blind boxes (caixa fechada com 9 unidades). Cada blind box cont\u00e9m 1 miniatura aleat\u00f3ria, dentre 11 personagens diferentes, incluindo vers\u00f5es met\u00e1licas [&hellip;]<\/p>\n","protected":false},"featured_media":9315,"comment_status":"closed","ping_status":"closed","template":"","meta":[],"product_brand":[],"product_cat":[82],"product_tag":[39],"class_list":{"0":"post-9310","1":"product","2":"type-product","3":"status-publish","4":"has-post-thumbnail","6":"product_cat-cat-venda-direta-geral","7":"product_tag-em-estoque","9":"first","10":"instock","11":"shipping-taxable","12":"purchasable","13":"product-type-simple"},"_links":{"self":[{"href":"https:\/\/superninetoys.com.br\/en\/wp-json\/wp\/v2\/product\/9310","targetHints":{"allow":["GET"]}}],"collection":[{"href":"https:\/\/superninetoys.com.br\/en\/wp-json\/wp\/v2\/product"}],"about":[{"href":"https:\/\/superninetoys.com.br\/en\/wp-json\/wp\/v2\/types\/product"}],"replies":[{"embeddable":true,"href":"https:\/\/superninetoys.com.br\/en\/wp-json\/wp\/v2\/comments?post=9310"}],"wp:featuredmedia":[{"embeddable":true,"href":"https:\/\/superninetoys.com.br\/en\/wp-json\/wp\/v2\/media\/9315"}],"wp:attachment":[{"href":"https:\/\/superninetoys.com.br\/en\/wp-json\/wp\/v2\/media?parent=9310"}],"wp:term":[{"taxonomy":"product_brand","embeddable":true,"href":"https:\/\/superninetoys.com.br\/en\/wp-json\/wp\/v2\/product_brand?post=9310"},{"taxonomy":"product_cat","embeddable":true,"href":"https:\/\/superninetoys.com.br\/en\/wp-json\/wp\/v2\/product_cat?post=9310"},{"taxonomy":"product_tag","embeddable":true,"href":"https:\/\/superninetoys.com.br\/en\/wp-json\/wp\/v2\/product_tag?post=9310"}],"curies":[{"name":"wp","href":"https:\/\/api.w.org\/{rel}","templated":true}]}}