{"id":9316,"date":"2026-01-15T20:27:56","date_gmt":"2026-01-15T20:27:56","guid":{"rendered":"https:\/\/superninetoys.com.br\/?post_type=product&#038;p=9316"},"modified":"2026-05-13T01:26:56","modified_gmt":"2026-05-13T01:26:56","slug":"glx-vrs-01-cdz","status":"publish","type":"product","link":"https:\/\/superninetoys.com.br\/en\/product\/glx-vrs-01-cdz\/","title":{"rendered":"Blokees Saint Seiya Galaxy Version 01 The Legacy of Sagittarius KIT COM 09 UNIDADES DE BLIND BOX (CAIXA FECHADA)"},"content":{"rendered":"<p data-start=\"144\" data-end=\"332\"><strong data-start=\"144\" data-end=\"214\">Blokees Saint Seiya \u2013 Galaxy Version 01: The Legacy of Sagittarius<\/strong> \u00e9 uma cole\u00e7\u00e3o premium inspirada na saga cl\u00e1ssica de <strong data-start=\"267\" data-end=\"295\">Os Cavaleiros do Zod\u00edaco<\/strong>, com foco no lend\u00e1rio <strong data-start=\"318\" data-end=\"331\">Sagit\u00e1rio<\/strong>.<\/p>\n<p data-start=\"334\" data-end=\"591\">Este produto corresponde a um <strong data-start=\"364\" data-end=\"420\">kit com 9 blind boxes (caixa fechada com 9 unidades)<\/strong>. Cada blind box cont\u00e9m <strong data-start=\"444\" data-end=\"469\">1 miniatura aleat\u00f3ria<\/strong>, entre <strong data-start=\"477\" data-end=\"505\">11 personagens poss\u00edveis<\/strong>, incluindo <strong data-start=\"517\" data-end=\"550\">vers\u00f5es met\u00e1licas ultra-raras<\/strong>, altamente desejadas por colecionadores.<\/p>\n<p data-start=\"593\" data-end=\"773\">As figuras contam com <strong data-start=\"615\" data-end=\"645\">alto n\u00edvel de detalhamento<\/strong>, <strong data-start=\"647\" data-end=\"676\">pintura de padr\u00e3o premium<\/strong> e <strong data-start=\"679\" data-end=\"702\">acabamento refinado<\/strong>, sendo ideais tanto para <strong data-start=\"728\" data-end=\"741\">exposi\u00e7\u00e3o<\/strong> quanto para <strong data-start=\"754\" data-end=\"770\">colecionismo<\/strong>.<\/p>\n<p data-start=\"775\" data-end=\"1033\">Produto <strong data-start=\"783\" data-end=\"810\">oficialmente licenciado<\/strong>, indispens\u00e1vel para f\u00e3s que valorizam <strong data-start=\"849\" data-end=\"893\">autenticidade, exclusividade e qualidade<\/strong>. Acompanha <strong data-start=\"905\" data-end=\"926\">embalagem de luxo<\/strong>, com design sofisticado, perfeita para enriquecer sua vitrine de <em data-start=\"992\" data-end=\"1005\">Saint Seiya<\/em> ou sua cole\u00e7\u00e3o <strong data-start=\"1021\" data-end=\"1032\">Blokees<\/strong>.<\/p>","protected":false},"excerpt":{"rendered":"<p>Blokees Saint Seiya \u2013 Galaxy Version 01: The Legacy of Sagittarius \u00e9 uma cole\u00e7\u00e3o premium inspirada na saga cl\u00e1ssica de Os Cavaleiros do Zod\u00edaco, com foco no lend\u00e1rio Sagit\u00e1rio. Este produto corresponde a um kit com 9 blind boxes (caixa fechada com 9 unidades). Cada blind box cont\u00e9m 1 miniatura aleat\u00f3ria, entre 11 personagens poss\u00edveis, [&hellip;]<\/p>\n","protected":false},"featured_media":9317,"comment_status":"closed","ping_status":"closed","template":"","meta":[],"product_brand":[],"product_cat":[82],"product_tag":[39],"class_list":{"0":"post-9316","1":"product","2":"type-product","3":"status-publish","4":"has-post-thumbnail","6":"product_cat-cat-venda-direta-geral","7":"product_tag-em-estoque","9":"first","10":"instock","11":"shipping-taxable","12":"purchasable","13":"product-type-simple"},"_links":{"self":[{"href":"https:\/\/superninetoys.com.br\/en\/wp-json\/wp\/v2\/product\/9316","targetHints":{"allow":["GET"]}}],"collection":[{"href":"https:\/\/superninetoys.com.br\/en\/wp-json\/wp\/v2\/product"}],"about":[{"href":"https:\/\/superninetoys.com.br\/en\/wp-json\/wp\/v2\/types\/product"}],"replies":[{"embeddable":true,"href":"https:\/\/superninetoys.com.br\/en\/wp-json\/wp\/v2\/comments?post=9316"}],"wp:featuredmedia":[{"embeddable":true,"href":"https:\/\/superninetoys.com.br\/en\/wp-json\/wp\/v2\/media\/9317"}],"wp:attachment":[{"href":"https:\/\/superninetoys.com.br\/en\/wp-json\/wp\/v2\/media?parent=9316"}],"wp:term":[{"taxonomy":"product_brand","embeddable":true,"href":"https:\/\/superninetoys.com.br\/en\/wp-json\/wp\/v2\/product_brand?post=9316"},{"taxonomy":"product_cat","embeddable":true,"href":"https:\/\/superninetoys.com.br\/en\/wp-json\/wp\/v2\/product_cat?post=9316"},{"taxonomy":"product_tag","embeddable":true,"href":"https:\/\/superninetoys.com.br\/en\/wp-json\/wp\/v2\/product_tag?post=9316"}],"curies":[{"name":"wp","href":"https:\/\/api.w.org\/{rel}","templated":true}]}}