{"id":9399,"date":"2026-01-22T19:45:18","date_gmt":"2026-01-22T19:45:18","guid":{"rendered":"https:\/\/superninetoys.com.br\/?post_type=product&#038;p=9399"},"modified":"2026-05-15T00:06:25","modified_gmt":"2026-05-15T00:06:25","slug":"star-wars-the-empire-strikes-back-stormtrooper-champion-class-02-model-kit-blokees","status":"publish","type":"product","link":"https:\/\/superninetoys.com.br\/en\/product\/star-wars-the-empire-strikes-back-stormtrooper-champion-class-02-model-kit-blokees\/","title":{"rendered":"Star Wars The Empire Strikes Back &#8211; Stormtrooper Champion Class 02 Model Kit BLOKEES"},"content":{"rendered":"<p data-start=\"62\" data-end=\"256\">Do lend\u00e1rio cl\u00e1ssico de fic\u00e7\u00e3o cient\u00edfica <strong data-start=\"104\" data-end=\"154\">Star Wars: Epis\u00f3dio V \u2013 O Imp\u00e9rio Contra-Ataca<\/strong>, chega uma nova linha de <strong data-start=\"180\" data-end=\"206\">model kits em pl\u00e1stico<\/strong> com <strong data-start=\"211\" data-end=\"226\">Darth Vader<\/strong> e o ic\u00f4nico <strong data-start=\"239\" data-end=\"255\">Stormtrooper<\/strong>.<\/p>\n<p data-start=\"258\" data-end=\"494\">Os <strong data-start=\"261\" data-end=\"297\">efeitos inclusos do sabre de luz<\/strong> permitem recriar poses poderosas e din\u00e2micas diretamente do filme. Pensados para iniciantes, esses kits <strong data-start=\"402\" data-end=\"446\">n\u00e3o exigem cola, ferramentas nem pintura<\/strong>, sendo f\u00e1ceis de montar logo ao tirar da caixa.<\/p>\n<p data-start=\"496\" data-end=\"517\"><strong data-start=\"496\" data-end=\"517\">[Conte\u00fado do Set]<\/strong><\/p>\n<p data-start=\"519\" data-end=\"650\">\u2022 Corpo da figura<br data-start=\"536\" data-end=\"539\" \/>\u2022 Pe\u00e7as de acess\u00f3rios espec\u00edficas de cada personagem<br data-start=\"591\" data-end=\"594\" \/>\u2022 Base de exibi\u00e7\u00e3o<br data-start=\"612\" data-end=\"615\" \/>\u2022 Card colecion\u00e1vel do personagem<\/p>\n<p data-start=\"652\" data-end=\"747\">Acompanha tamb\u00e9m um <strong data-start=\"672\" data-end=\"693\">card colecion\u00e1vel<\/strong>, completando a experi\u00eancia para f\u00e3s e colecionadores.<\/p>\n","protected":false},"excerpt":{"rendered":"<p>Do lend\u00e1rio cl\u00e1ssico de fic\u00e7\u00e3o cient\u00edfica Star Wars: Epis\u00f3dio V \u2013 O Imp\u00e9rio Contra-Ataca, chega uma nova linha de model kits em pl\u00e1stico com Darth Vader e o ic\u00f4nico Stormtrooper. Os efeitos inclusos do sabre de luz permitem recriar poses poderosas e din\u00e2micas diretamente do filme. Pensados para iniciantes, esses kits n\u00e3o exigem cola, ferramentas [&hellip;]<\/p>\n","protected":false},"featured_media":9404,"comment_status":"closed","ping_status":"closed","template":"","meta":[],"product_brand":[],"product_cat":[82],"product_tag":[39],"class_list":{"0":"post-9399","1":"product","2":"type-product","3":"status-publish","4":"has-post-thumbnail","6":"product_cat-cat-venda-direta-geral","7":"product_tag-em-estoque","9":"first","10":"instock","11":"shipping-taxable","12":"purchasable","13":"product-type-simple"},"_links":{"self":[{"href":"https:\/\/superninetoys.com.br\/en\/wp-json\/wp\/v2\/product\/9399","targetHints":{"allow":["GET"]}}],"collection":[{"href":"https:\/\/superninetoys.com.br\/en\/wp-json\/wp\/v2\/product"}],"about":[{"href":"https:\/\/superninetoys.com.br\/en\/wp-json\/wp\/v2\/types\/product"}],"replies":[{"embeddable":true,"href":"https:\/\/superninetoys.com.br\/en\/wp-json\/wp\/v2\/comments?post=9399"}],"wp:featuredmedia":[{"embeddable":true,"href":"https:\/\/superninetoys.com.br\/en\/wp-json\/wp\/v2\/media\/9404"}],"wp:attachment":[{"href":"https:\/\/superninetoys.com.br\/en\/wp-json\/wp\/v2\/media?parent=9399"}],"wp:term":[{"taxonomy":"product_brand","embeddable":true,"href":"https:\/\/superninetoys.com.br\/en\/wp-json\/wp\/v2\/product_brand?post=9399"},{"taxonomy":"product_cat","embeddable":true,"href":"https:\/\/superninetoys.com.br\/en\/wp-json\/wp\/v2\/product_cat?post=9399"},{"taxonomy":"product_tag","embeddable":true,"href":"https:\/\/superninetoys.com.br\/en\/wp-json\/wp\/v2\/product_tag?post=9399"}],"curies":[{"name":"wp","href":"https:\/\/api.w.org\/{rel}","templated":true}]}}