{"id":9421,"date":"2026-01-22T20:07:44","date_gmt":"2026-01-22T20:07:44","guid":{"rendered":"https:\/\/superninetoys.com.br\/?post_type=product&#038;p=9421"},"modified":"2026-02-01T02:20:10","modified_gmt":"2026-02-01T02:20:10","slug":"spider-man-marvel-rivals-champion-class-06-model-kit-blokees","status":"publish","type":"product","link":"https:\/\/superninetoys.com.br\/en\/product\/spider-man-marvel-rivals-champion-class-06-model-kit-blokees\/","title":{"rendered":"Spider-Man Marvel Rivals Champion Class 06 Model Kit BLOKEES"},"content":{"rendered":"<p data-start=\"132\" data-end=\"475\">A <strong data-start=\"134\" data-end=\"145\">Blokees<\/strong> tem orgulho em apresentar uma nova forma de representar seus personagens favoritos dos lend\u00e1rios filmes da <strong data-start=\"253\" data-end=\"263\">Marvel<\/strong>: conhe\u00e7a os <strong data-start=\"276\" data-end=\"305\">model kits Champion Class<\/strong>! Projetados com <strong data-start=\"322\" data-end=\"352\">alto n\u00edvel de detalhamento<\/strong>, <strong data-start=\"354\" data-end=\"380\">articula\u00e7\u00f5es din\u00e2micas<\/strong> e uma ampla variedade de acess\u00f3rios, esses kits se encaixam perfeitamente em qualquer cole\u00e7\u00e3o.<\/p>\n<p data-start=\"477\" data-end=\"622\">Junte-se ao time de her\u00f3is dos <strong data-start=\"508\" data-end=\"558\">Vingadores \u2013 os Her\u00f3is Mais Poderosos da Terra<\/strong> \u2014 e garanta hoje mesmo seu <strong data-start=\"586\" data-end=\"612\">Blokees Champion Class<\/strong> favorito!<\/p>\n<hr data-start=\"624\" data-end=\"627\" \/>\n<h3 data-start=\"629\" data-end=\"662\">\ud83d\udd39 Caracter\u00edsticas do Produto<\/h3>\n<ul data-start=\"663\" data-end=\"857\">\n<li data-start=\"663\" data-end=\"710\">\n<p data-start=\"665\" data-end=\"710\">Aproximadamente <strong data-start=\"681\" data-end=\"710\">12,5 cm de altura (4,92&#8243;)<\/strong><\/p>\n<\/li>\n<li data-start=\"711\" data-end=\"739\">\n<p data-start=\"713\" data-end=\"739\">Fabricado em <strong data-start=\"726\" data-end=\"739\">PVC e ABS<\/strong><\/p>\n<\/li>\n<li data-start=\"740\" data-end=\"783\">\n<p data-start=\"742\" data-end=\"783\">Baseado no filme <strong data-start=\"759\" data-end=\"783\">Deadpool &amp; Wolverine<\/strong><\/p>\n<\/li>\n<li data-start=\"784\" data-end=\"819\">\n<p data-start=\"786\" data-end=\"819\">Parte da linha <strong data-start=\"801\" data-end=\"819\">Champion Class<\/strong><\/p>\n<\/li>\n<li data-start=\"820\" data-end=\"857\">\n<p data-start=\"822\" data-end=\"857\"><strong data-start=\"822\" data-end=\"857\">M\u00faltiplos pontos de articula\u00e7\u00e3o<\/strong><\/p>\n<\/li>\n<\/ul>\n<hr data-start=\"859\" data-end=\"862\" \/>\n<h3 data-start=\"864\" data-end=\"888\">\ud83d\udce6 Conte\u00fado da Caixa<\/h3>\n<ul data-start=\"889\" data-end=\"1014\">\n<li data-start=\"889\" data-end=\"927\">\n<p data-start=\"891\" data-end=\"927\">Pe\u00e7as para montagem do <strong data-start=\"914\" data-end=\"927\">Wolverine<\/strong><\/p>\n<\/li>\n<li data-start=\"928\" data-end=\"960\">\n<p data-start=\"930\" data-end=\"960\"><strong data-start=\"930\" data-end=\"960\">1 par de m\u00e3os alternativas<\/strong><\/p>\n<\/li>\n<li data-start=\"961\" data-end=\"987\">\n<p data-start=\"963\" data-end=\"987\"><strong data-start=\"963\" data-end=\"987\">Garras de Adamantium<\/strong><\/p>\n<\/li>\n<li data-start=\"988\" data-end=\"1014\">\n<p data-start=\"990\" data-end=\"1014\"><strong data-start=\"990\" data-end=\"1014\">Manual de instru\u00e7\u00f5es<\/strong><\/p>\n<\/li>\n<\/ul>","protected":false},"excerpt":{"rendered":"<p style=\"text-align: center;\"><strong>\u26a0\ufe0f\u26a0\ufe0f ATEN\u00c7\u00c3O: PRODUTO EM PR\u00c9-VENDA COM PRAZO PARA ENVIO EM JULHO \u26a0\ufe0f\u26a0\ufe0f<\/strong><\/p>","protected":false},"featured_media":9425,"comment_status":"closed","ping_status":"closed","template":"","meta":[],"product_brand":[],"product_cat":[84,18,21,22,59,17,82],"product_tag":[],"class_list":{"0":"post-9421","1":"product","2":"type-product","3":"status-publish","4":"has-post-thumbnail","6":"product_cat-cat-blokees","7":"product_cat-cat-marvel","8":"product_cat-cat-lancamentos","9":"product_cat-cat-prevendas","10":"product_cat-cat-promocao","11":"product_cat-produtos","12":"product_cat-cat-venda-direta-geral","14":"first","15":"instock","16":"shipping-taxable","17":"purchasable","18":"product-type-simple"},"_links":{"self":[{"href":"https:\/\/superninetoys.com.br\/en\/wp-json\/wp\/v2\/product\/9421","targetHints":{"allow":["GET"]}}],"collection":[{"href":"https:\/\/superninetoys.com.br\/en\/wp-json\/wp\/v2\/product"}],"about":[{"href":"https:\/\/superninetoys.com.br\/en\/wp-json\/wp\/v2\/types\/product"}],"replies":[{"embeddable":true,"href":"https:\/\/superninetoys.com.br\/en\/wp-json\/wp\/v2\/comments?post=9421"}],"wp:featuredmedia":[{"embeddable":true,"href":"https:\/\/superninetoys.com.br\/en\/wp-json\/wp\/v2\/media\/9425"}],"wp:attachment":[{"href":"https:\/\/superninetoys.com.br\/en\/wp-json\/wp\/v2\/media?parent=9421"}],"wp:term":[{"taxonomy":"product_brand","embeddable":true,"href":"https:\/\/superninetoys.com.br\/en\/wp-json\/wp\/v2\/product_brand?post=9421"},{"taxonomy":"product_cat","embeddable":true,"href":"https:\/\/superninetoys.com.br\/en\/wp-json\/wp\/v2\/product_cat?post=9421"},{"taxonomy":"product_tag","embeddable":true,"href":"https:\/\/superninetoys.com.br\/en\/wp-json\/wp\/v2\/product_tag?post=9421"}],"curies":[{"name":"wp","href":"https:\/\/api.w.org\/{rel}","templated":true}]}}