{"id":9426,"date":"2026-01-22T20:24:01","date_gmt":"2026-01-22T20:24:01","guid":{"rendered":"https:\/\/superninetoys.com.br\/?post_type=product&#038;p=9426"},"modified":"2026-02-01T02:19:51","modified_gmt":"2026-02-01T02:19:51","slug":"venom-marvel-rivals-champion-class-07-model-kit-blokees","status":"publish","type":"product","link":"https:\/\/superninetoys.com.br\/en\/product\/venom-marvel-rivals-champion-class-07-model-kit-blokees\/","title":{"rendered":"Venom Marvel Rivals Champion Class 07 Model Kit BLOKEES"},"content":{"rendered":"","protected":false},"excerpt":{"rendered":"<p style=\"text-align: center;\"><strong>\u26a0\ufe0f\u26a0\ufe0f ATEN\u00c7\u00c3O: PRODUTO EM PR\u00c9-VENDA COM PRAZO PARA ENVIO EM JULHO \u26a0\ufe0f\u26a0\ufe0f<\/strong><\/p>","protected":false},"featured_media":9430,"comment_status":"closed","ping_status":"closed","template":"","meta":[],"product_brand":[],"product_cat":[84,18,21,22,59,17,82],"product_tag":[],"class_list":{"0":"post-9426","1":"product","2":"type-product","3":"status-publish","4":"has-post-thumbnail","6":"product_cat-cat-blokees","7":"product_cat-cat-marvel","8":"product_cat-cat-lancamentos","9":"product_cat-cat-prevendas","10":"product_cat-cat-promocao","11":"product_cat-produtos","12":"product_cat-cat-venda-direta-geral","14":"first","15":"instock","16":"shipping-taxable","17":"purchasable","18":"product-type-simple"},"_links":{"self":[{"href":"https:\/\/superninetoys.com.br\/en\/wp-json\/wp\/v2\/product\/9426","targetHints":{"allow":["GET"]}}],"collection":[{"href":"https:\/\/superninetoys.com.br\/en\/wp-json\/wp\/v2\/product"}],"about":[{"href":"https:\/\/superninetoys.com.br\/en\/wp-json\/wp\/v2\/types\/product"}],"replies":[{"embeddable":true,"href":"https:\/\/superninetoys.com.br\/en\/wp-json\/wp\/v2\/comments?post=9426"}],"wp:featuredmedia":[{"embeddable":true,"href":"https:\/\/superninetoys.com.br\/en\/wp-json\/wp\/v2\/media\/9430"}],"wp:attachment":[{"href":"https:\/\/superninetoys.com.br\/en\/wp-json\/wp\/v2\/media?parent=9426"}],"wp:term":[{"taxonomy":"product_brand","embeddable":true,"href":"https:\/\/superninetoys.com.br\/en\/wp-json\/wp\/v2\/product_brand?post=9426"},{"taxonomy":"product_cat","embeddable":true,"href":"https:\/\/superninetoys.com.br\/en\/wp-json\/wp\/v2\/product_cat?post=9426"},{"taxonomy":"product_tag","embeddable":true,"href":"https:\/\/superninetoys.com.br\/en\/wp-json\/wp\/v2\/product_tag?post=9426"}],"curies":[{"name":"wp","href":"https:\/\/api.w.org\/{rel}","templated":true}]}}