{"id":9943,"date":"2026-02-20T13:49:24","date_gmt":"2026-02-20T13:49:24","guid":{"rendered":"https:\/\/superninetoys.com.br\/?post_type=product&#038;p=9943"},"modified":"2026-02-20T13:52:23","modified_gmt":"2026-02-20T13:52:23","slug":"pre-venda-monster-high-draculaura-g3","status":"publish","type":"product","link":"https:\/\/superninetoys.com.br\/en\/product\/pre-venda-monster-high-draculaura-g3\/","title":{"rendered":"PR\u00c9-VENDA Monster High Draculaura G3"},"content":{"rendered":"<p><strong>ATEN\u00c7\u00c3O: A CAIXA \u00c9 FR\u00c1GIL E PODE APRESENTAR AVARIAS.<br \/>\nSE FOR COLECIONADOR DE LACRADOS SE ATENTE A ESSE RISCO, POIS POR SE TRATAR DE UM PRODUTO SOB ENCOMENDA N\u00c3O ACEITAMOS DEVOLU\u00c7\u00d5ES E N\u00c3O EFETUAMOS TROCAS.<\/strong><\/p>","protected":false},"excerpt":{"rendered":"<p>ATEN\u00c7\u00c3O: A CAIXA \u00c9 FR\u00c1GIL E PODE APRESENTAR AVARIAS. SE FOR COLECIONADOR DE LACRADOS SE ATENTE A ESSE RISCO, POIS POR SE TRATAR DE UM PRODUTO SOB ENCOMENDA N\u00c3O ACEITAMOS DEVOLU\u00c7\u00d5ES E N\u00c3O EFETUAMOS TROCAS.<\/p>","protected":false},"featured_media":9946,"comment_status":"closed","ping_status":"closed","template":"","meta":[],"product_brand":[],"product_cat":[82],"product_tag":[38],"class_list":{"0":"post-9943","1":"product","2":"type-product","3":"status-publish","4":"has-post-thumbnail","6":"product_cat-cat-venda-direta-geral","7":"product_tag-encomenda","9":"first","10":"instock","11":"shipping-taxable","12":"purchasable","13":"product-type-simple"},"_links":{"self":[{"href":"https:\/\/superninetoys.com.br\/en\/wp-json\/wp\/v2\/product\/9943","targetHints":{"allow":["GET"]}}],"collection":[{"href":"https:\/\/superninetoys.com.br\/en\/wp-json\/wp\/v2\/product"}],"about":[{"href":"https:\/\/superninetoys.com.br\/en\/wp-json\/wp\/v2\/types\/product"}],"replies":[{"embeddable":true,"href":"https:\/\/superninetoys.com.br\/en\/wp-json\/wp\/v2\/comments?post=9943"}],"wp:featuredmedia":[{"embeddable":true,"href":"https:\/\/superninetoys.com.br\/en\/wp-json\/wp\/v2\/media\/9946"}],"wp:attachment":[{"href":"https:\/\/superninetoys.com.br\/en\/wp-json\/wp\/v2\/media?parent=9943"}],"wp:term":[{"taxonomy":"product_brand","embeddable":true,"href":"https:\/\/superninetoys.com.br\/en\/wp-json\/wp\/v2\/product_brand?post=9943"},{"taxonomy":"product_cat","embeddable":true,"href":"https:\/\/superninetoys.com.br\/en\/wp-json\/wp\/v2\/product_cat?post=9943"},{"taxonomy":"product_tag","embeddable":true,"href":"https:\/\/superninetoys.com.br\/en\/wp-json\/wp\/v2\/product_tag?post=9943"}],"curies":[{"name":"wp","href":"https:\/\/api.w.org\/{rel}","templated":true}]}}